{"id":10791,"date":"2019-07-21T12:07:17","date_gmt":"2019-07-21T10:07:17","guid":{"rendered":"http:\/\/limogesabc.com\/?page_id=10791"},"modified":"2023-05-01T11:42:06","modified_gmt":"2023-05-01T09:42:06","slug":"u18-region","status":"publish","type":"page","link":"https:\/\/limogesabc.com\/index.php\/u18-region\/","title":{"rendered":"U18 R\u00e9gion"},"content":{"rendered":"<h3 style=\"text-align: center;\"><\/h3>\n<p style=\"text-align: center;\"><img fetchpriority=\"high\" decoding=\"async\" class=\"alignnone wp-image-18007 size-full\" src=\"https:\/\/limogesabc.com\/wp-content\/uploads\/2023\/01\/U18NA_2022-2023.jpg\" alt=\"\" width=\"1024\" height=\"768\" srcset=\"https:\/\/limogesabc.com\/wp-content\/uploads\/2023\/01\/U18NA_2022-2023.jpg 1024w, https:\/\/limogesabc.com\/wp-content\/uploads\/2023\/01\/U18NA_2022-2023-300x225.jpg 300w, https:\/\/limogesabc.com\/wp-content\/uploads\/2023\/01\/U18NA_2022-2023-150x113.jpg 150w, https:\/\/limogesabc.com\/wp-content\/uploads\/2023\/01\/U18NA_2022-2023-768x576.jpg 768w, https:\/\/limogesabc.com\/wp-content\/uploads\/2023\/01\/U18NA_2022-2023-400x300.jpg 400w\" sizes=\"(max-width: 1024px) 100vw, 1024px\" \/><\/p>\n<table class=\" aligncenter\" style=\"height: 345px; width: 47.3932%;\">\n<tbody>\n<tr>\n<td style=\"text-align: left;\"><strong>Debout de gauche \u00e0 droite :<\/strong> Jennifer ALEXANDRE (OTM), Thierry NUNEZ (Coach), Cl\u00e9mence BRUNET MANOUAT, El\u00e9a BOYER BENESTEVE, Lucie MOULINJEUNE, Lisa DELAYE, Audrey GROSBRAS, Manon DEVAUX, Laurence MOULINJEUNE (OTM), Ludivine GUEGAND, Karine BENESTEVE (Responsable d\u2019\u00e9quipe)<\/p>\n<p><strong>Accroupies de gauche \u00e0 droite :<\/strong> Ella FONFREYDE, Soha CAMARA, Soraya AKCAN, C\u00e9lia TEILLAUD, Klara GUINAULT, Victoria PEROCHON, Fatoumata DIABY<\/p>\n<p><strong>Absente sur la photo :<\/strong> Najoua AKCAN (Responsable d\u2019\u00e9quipe)<\/td>\n<\/tr>\n<\/tbody>\n<\/table>\n","protected":false},"excerpt":{"rendered":"<p>Debout de gauche \u00e0 droite : Jennifer ALEXANDRE (OTM), Thierry NUNEZ (Coach), Cl\u00e9mence BRUNET MANOUAT, El\u00e9a BOYER BENESTEVE, Lucie MOULINJEUNE, Lisa DELAYE, Audrey GROSBRAS, Manon DEVAUX, Laurence MOULINJEUNE (OTM), Ludivine GUEGAND, Karine BENESTEVE (Responsable d\u2019\u00e9quipe) Accroupies de gauche \u00e0 droite : Ella FONFREYDE, Soha CAMARA, Soraya AKCAN, C\u00e9lia TEILLAUD, Klara GUINAULT, Victoria PEROCHON, Fatoumata DIABY&#8230; <\/p>\n<div class=\"clear\"><\/div>\n<p><a href=\"https:\/\/limogesabc.com\/index.php\/u18-region\/\" class=\"excerpt-read-more\">Lire plus<\/a><\/p>\n","protected":false},"author":3,"featured_media":0,"parent":0,"menu_order":0,"comment_status":"closed","ping_status":"closed","template":"","meta":{"_mi_skip_tracking":false,"_exactmetrics_sitenote_active":false,"_exactmetrics_sitenote_note":"","_exactmetrics_sitenote_category":0,"_monsterinsights_skip_tracking":false,"_monsterinsights_sitenote_active":false,"_monsterinsights_sitenote_note":"","_monsterinsights_sitenote_category":0,"footnotes":""},"class_list":["post-10791","page","type-page","status-publish","hentry"],"aioseo_notices":[],"_links":{"self":[{"href":"https:\/\/limogesabc.com\/index.php\/wp-json\/wp\/v2\/pages\/10791","targetHints":{"allow":["GET"]}}],"collection":[{"href":"https:\/\/limogesabc.com\/index.php\/wp-json\/wp\/v2\/pages"}],"about":[{"href":"https:\/\/limogesabc.com\/index.php\/wp-json\/wp\/v2\/types\/page"}],"author":[{"embeddable":true,"href":"https:\/\/limogesabc.com\/index.php\/wp-json\/wp\/v2\/users\/3"}],"replies":[{"embeddable":true,"href":"https:\/\/limogesabc.com\/index.php\/wp-json\/wp\/v2\/comments?post=10791"}],"version-history":[{"count":10,"href":"https:\/\/limogesabc.com\/index.php\/wp-json\/wp\/v2\/pages\/10791\/revisions"}],"predecessor-version":[{"id":18765,"href":"https:\/\/limogesabc.com\/index.php\/wp-json\/wp\/v2\/pages\/10791\/revisions\/18765"}],"wp:attachment":[{"href":"https:\/\/limogesabc.com\/index.php\/wp-json\/wp\/v2\/media?parent=10791"}],"curies":[{"name":"wp","href":"https:\/\/api.w.org\/{rel}","templated":true}]}}