{"id":10795,"date":"2019-07-21T12:07:51","date_gmt":"2019-07-21T10:07:51","guid":{"rendered":"http:\/\/limogesabc.com\/?page_id=10795"},"modified":"2023-02-27T09:27:52","modified_gmt":"2023-02-27T08:27:52","slug":"u15-inter-departement","status":"publish","type":"page","link":"https:\/\/limogesabc.com\/index.php\/u15-inter-departement\/","title":{"rendered":"U15 Nouvelle-Aquitaine"},"content":{"rendered":"<p style=\"text-align: center;\"><img fetchpriority=\"high\" decoding=\"async\" class=\"alignnone wp-image-17516 size-full\" src=\"https:\/\/limogesabc.com\/wp-content\/uploads\/2022\/11\/U15_2022-2023-2.jpg\" alt=\"\" width=\"1024\" height=\"768\" srcset=\"https:\/\/limogesabc.com\/wp-content\/uploads\/2022\/11\/U15_2022-2023-2.jpg 1024w, https:\/\/limogesabc.com\/wp-content\/uploads\/2022\/11\/U15_2022-2023-2-300x225.jpg 300w, https:\/\/limogesabc.com\/wp-content\/uploads\/2022\/11\/U15_2022-2023-2-150x113.jpg 150w, https:\/\/limogesabc.com\/wp-content\/uploads\/2022\/11\/U15_2022-2023-2-768x576.jpg 768w, https:\/\/limogesabc.com\/wp-content\/uploads\/2022\/11\/U15_2022-2023-2-400x300.jpg 400w\" sizes=\"(max-width: 1024px) 100vw, 1024px\" \/><\/p>\n<table class=\" aligncenter\" style=\"height: 348px; width: 47.861666666666665%;\">\n<tbody>\n<tr>\n<td style=\"text-align: left;\">Debout, de gauche \u00e0 droite : Cyrille BERLAND (OTM), Fr\u00e9d\u00e9rique DUTOUR (Responsable d&#8217;\u00e9quipe), Ana\u00efs LEBORGNE (Assistante Coach), Z\u00e9lie MOURLON (11), Juliette SINAUD (6), Oc\u00e9ane GIRY, Florent MOURLON (OTM), Kayna ALAGNOUS (4), Fanta DRAME (7), Emilie PIAROU (Coach), Micha\u00ebl GUILLERMIN (Responsable d&#8217;\u00e9quipe)<\/p>\n<p>Accroupies, de gauche \u00e0 droites : Louise GUILLERMIN (13), Elise DUTOUR (15), Marisol SERRA-BRETON (12), Laura BERLAND (10), Ma\u00eblle POUYADOU (8), Alice REY (14)<\/td>\n<\/tr>\n<\/tbody>\n<\/table>\n<p><span class=\"Apple-converted-space\">\u00a0<\/span><\/p>\n<p style=\"text-align: center;\"><img decoding=\"async\" class=\"alignnone wp-image-17517 size-full\" src=\"https:\/\/limogesabc.com\/wp-content\/uploads\/2022\/11\/U15_2022-2023-3.jpg\" alt=\"\" width=\"1024\" height=\"826\" srcset=\"https:\/\/limogesabc.com\/wp-content\/uploads\/2022\/11\/U15_2022-2023-3.jpg 1024w, https:\/\/limogesabc.com\/wp-content\/uploads\/2022\/11\/U15_2022-2023-3-300x242.jpg 300w, https:\/\/limogesabc.com\/wp-content\/uploads\/2022\/11\/U15_2022-2023-3-150x121.jpg 150w, https:\/\/limogesabc.com\/wp-content\/uploads\/2022\/11\/U15_2022-2023-3-768x620.jpg 768w\" sizes=\"(max-width: 1024px) 100vw, 1024px\" \/><\/p>\n<p style=\"text-align: center;\"><img decoding=\"async\" class=\"alignnone wp-image-17515 size-full\" src=\"https:\/\/limogesabc.com\/wp-content\/uploads\/2022\/11\/U15_2022-2023-1.jpg\" alt=\"\" width=\"1024\" height=\"768\" srcset=\"https:\/\/limogesabc.com\/wp-content\/uploads\/2022\/11\/U15_2022-2023-1.jpg 1024w, https:\/\/limogesabc.com\/wp-content\/uploads\/2022\/11\/U15_2022-2023-1-300x225.jpg 300w, https:\/\/limogesabc.com\/wp-content\/uploads\/2022\/11\/U15_2022-2023-1-150x113.jpg 150w, https:\/\/limogesabc.com\/wp-content\/uploads\/2022\/11\/U15_2022-2023-1-768x576.jpg 768w, https:\/\/limogesabc.com\/wp-content\/uploads\/2022\/11\/U15_2022-2023-1-400x300.jpg 400w\" sizes=\"(max-width: 1024px) 100vw, 1024px\" \/><\/p>\n<p>&nbsp;<\/p>\n<p>&nbsp;<\/p>\n<p>&nbsp;<\/p>\n","protected":false},"excerpt":{"rendered":"<p>Debout, de gauche \u00e0 droite : Cyrille BERLAND (OTM), Fr\u00e9d\u00e9rique DUTOUR (Responsable d&#8217;\u00e9quipe), Ana\u00efs LEBORGNE (Assistante Coach), Z\u00e9lie MOURLON (11), Juliette SINAUD (6), Oc\u00e9ane GIRY, Florent MOURLON (OTM), Kayna ALAGNOUS (4), Fanta DRAME (7), Emilie PIAROU (Coach), Micha\u00ebl GUILLERMIN (Responsable d&#8217;\u00e9quipe) Accroupies, de gauche \u00e0 droites : Louise GUILLERMIN (13), Elise DUTOUR (15), Marisol SERRA-BRETON&#8230; <\/p>\n<div class=\"clear\"><\/div>\n<p><a href=\"https:\/\/limogesabc.com\/index.php\/u15-inter-departement\/\" class=\"excerpt-read-more\">Lire plus<\/a><\/p>\n","protected":false},"author":3,"featured_media":0,"parent":0,"menu_order":0,"comment_status":"closed","ping_status":"closed","template":"","meta":{"_mi_skip_tracking":false,"_exactmetrics_sitenote_active":false,"_exactmetrics_sitenote_note":"","_exactmetrics_sitenote_category":0,"_monsterinsights_skip_tracking":false,"_monsterinsights_sitenote_active":false,"_monsterinsights_sitenote_note":"","_monsterinsights_sitenote_category":0,"footnotes":""},"class_list":["post-10795","page","type-page","status-publish","hentry"],"aioseo_notices":[],"_links":{"self":[{"href":"https:\/\/limogesabc.com\/index.php\/wp-json\/wp\/v2\/pages\/10795","targetHints":{"allow":["GET"]}}],"collection":[{"href":"https:\/\/limogesabc.com\/index.php\/wp-json\/wp\/v2\/pages"}],"about":[{"href":"https:\/\/limogesabc.com\/index.php\/wp-json\/wp\/v2\/types\/page"}],"author":[{"embeddable":true,"href":"https:\/\/limogesabc.com\/index.php\/wp-json\/wp\/v2\/users\/3"}],"replies":[{"embeddable":true,"href":"https:\/\/limogesabc.com\/index.php\/wp-json\/wp\/v2\/comments?post=10795"}],"version-history":[{"count":11,"href":"https:\/\/limogesabc.com\/index.php\/wp-json\/wp\/v2\/pages\/10795\/revisions"}],"predecessor-version":[{"id":22436,"href":"https:\/\/limogesabc.com\/index.php\/wp-json\/wp\/v2\/pages\/10795\/revisions\/22436"}],"wp:attachment":[{"href":"https:\/\/limogesabc.com\/index.php\/wp-json\/wp\/v2\/media?parent=10795"}],"curies":[{"name":"wp","href":"https:\/\/api.w.org\/{rel}","templated":true}]}}