{"id":10803,"date":"2019-07-21T12:10:16","date_gmt":"2019-07-21T10:10:16","guid":{"rendered":"http:\/\/limogesabc.com\/?page_id=10803"},"modified":"2023-03-01T18:50:07","modified_gmt":"2023-03-01T17:50:07","slug":"u9-2","status":"publish","type":"page","link":"https:\/\/limogesabc.com\/index.php\/u9-2\/","title":{"rendered":"U9"},"content":{"rendered":"<h3 style=\"text-align: center;\"><\/h3>\n<p style=\"text-align: center;\"><img fetchpriority=\"high\" decoding=\"async\" class=\"alignnone wp-image-18389 size-full\" src=\"https:\/\/limogesabc.com\/wp-content\/uploads\/2023\/03\/U9_2022-2023.jpg\" alt=\"\" width=\"1181\" height=\"802\" srcset=\"https:\/\/limogesabc.com\/wp-content\/uploads\/2023\/03\/U9_2022-2023.jpg 1181w, https:\/\/limogesabc.com\/wp-content\/uploads\/2023\/03\/U9_2022-2023-300x204.jpg 300w, https:\/\/limogesabc.com\/wp-content\/uploads\/2023\/03\/U9_2022-2023-1024x695.jpg 1024w, https:\/\/limogesabc.com\/wp-content\/uploads\/2023\/03\/U9_2022-2023-150x102.jpg 150w, https:\/\/limogesabc.com\/wp-content\/uploads\/2023\/03\/U9_2022-2023-768x522.jpg 768w\" sizes=\"(max-width: 1181px) 100vw, 1181px\" \/><\/p>\n<table class=\" aligncenter\" style=\"height: 304px; width: 47.39323857302118%;\">\n<tbody>\n<tr>\n<td style=\"text-align: left;\"><strong>Accroupies de gauche \u00e0 droite :<\/strong> Dilaanshi\u00a0 Ketharanathan, Elo\u00efse Andrieux &#8211; Marquet, Sophia Bouthillon, L\u00e9onie Rouchut, Emily Foucras, Z\u00e9lie Pastier<\/p>\n<p><strong>Debout de gauche \u00e0 droite :<\/strong> Axelle Creton, Fatoumata Tamanateh, Ikrame\u00a0 Ait Ouzeroual, Kelly Baya, Suzanne Rouvellou Relet, Kendra Tshiwaza, Manon Roblin, Khady Pouye, Zo\u00e9 Averty Janicot<\/p>\n<p><strong>Absentes\u00a0sur la photo :<\/strong> Izia Houllier Nau, Agathe Valgueblasse<\/p>\n<p><strong>Entraineurs \/ coachs :<\/strong> Mathieu Khaled, Emilie Piarou, Joueuses NF1, Coraline Vampouille<\/td>\n<\/tr>\n<\/tbody>\n<\/table>\n<p>&nbsp;<\/p>\n<p>&nbsp;<\/p>\n<p>&nbsp;<\/p>\n<p>&nbsp;<\/p>\n","protected":false},"excerpt":{"rendered":"<p>Accroupies de gauche \u00e0 droite : Dilaanshi\u00a0 Ketharanathan, Elo\u00efse Andrieux &#8211; Marquet, Sophia Bouthillon, L\u00e9onie Rouchut, Emily Foucras, Z\u00e9lie Pastier Debout de gauche \u00e0 droite : Axelle Creton, Fatoumata Tamanateh, Ikrame\u00a0 Ait Ouzeroual, Kelly Baya, Suzanne Rouvellou Relet, Kendra Tshiwaza, Manon Roblin, Khady Pouye, Zo\u00e9 Averty Janicot Absentes\u00a0sur la photo : Izia Houllier Nau, Agathe&#8230; <\/p>\n<div class=\"clear\"><\/div>\n<p><a href=\"https:\/\/limogesabc.com\/index.php\/u9-2\/\" class=\"excerpt-read-more\">Lire plus<\/a><\/p>\n","protected":false},"author":3,"featured_media":0,"parent":0,"menu_order":0,"comment_status":"closed","ping_status":"closed","template":"","meta":{"_mi_skip_tracking":false,"_exactmetrics_sitenote_active":false,"_exactmetrics_sitenote_note":"","_exactmetrics_sitenote_category":0,"_monsterinsights_skip_tracking":false,"_monsterinsights_sitenote_active":false,"_monsterinsights_sitenote_note":"","_monsterinsights_sitenote_category":0,"footnotes":""},"class_list":["post-10803","page","type-page","status-publish","hentry"],"aioseo_notices":[],"_links":{"self":[{"href":"https:\/\/limogesabc.com\/index.php\/wp-json\/wp\/v2\/pages\/10803","targetHints":{"allow":["GET"]}}],"collection":[{"href":"https:\/\/limogesabc.com\/index.php\/wp-json\/wp\/v2\/pages"}],"about":[{"href":"https:\/\/limogesabc.com\/index.php\/wp-json\/wp\/v2\/types\/page"}],"author":[{"embeddable":true,"href":"https:\/\/limogesabc.com\/index.php\/wp-json\/wp\/v2\/users\/3"}],"replies":[{"embeddable":true,"href":"https:\/\/limogesabc.com\/index.php\/wp-json\/wp\/v2\/comments?post=10803"}],"version-history":[{"count":4,"href":"https:\/\/limogesabc.com\/index.php\/wp-json\/wp\/v2\/pages\/10803\/revisions"}],"predecessor-version":[{"id":18390,"href":"https:\/\/limogesabc.com\/index.php\/wp-json\/wp\/v2\/pages\/10803\/revisions\/18390"}],"wp:attachment":[{"href":"https:\/\/limogesabc.com\/index.php\/wp-json\/wp\/v2\/media?parent=10803"}],"curies":[{"name":"wp","href":"https:\/\/api.w.org\/{rel}","templated":true}]}}