{"id":11221,"date":"2019-09-27T22:17:36","date_gmt":"2019-09-27T20:17:36","guid":{"rendered":"http:\/\/limogesabc.com\/?page_id=11221"},"modified":"2022-11-28T17:36:02","modified_gmt":"2022-11-28T16:36:02","slug":"u13-inter-departement-2","status":"publish","type":"page","link":"https:\/\/limogesabc.com\/index.php\/u13-inter-departement-2\/","title":{"rendered":"U13 D\u00e9partement"},"content":{"rendered":"<p style=\"text-align: center;\"><img fetchpriority=\"high\" decoding=\"async\" class=\"alignnone wp-image-17520 size-full\" src=\"https:\/\/limogesabc.com\/wp-content\/uploads\/2022\/11\/U13D_2022-2023-1OK.jpg\" alt=\"\" width=\"1181\" height=\"851\" srcset=\"https:\/\/limogesabc.com\/wp-content\/uploads\/2022\/11\/U13D_2022-2023-1OK.jpg 1181w, https:\/\/limogesabc.com\/wp-content\/uploads\/2022\/11\/U13D_2022-2023-1OK-300x216.jpg 300w, https:\/\/limogesabc.com\/wp-content\/uploads\/2022\/11\/U13D_2022-2023-1OK-1024x738.jpg 1024w, https:\/\/limogesabc.com\/wp-content\/uploads\/2022\/11\/U13D_2022-2023-1OK-150x108.jpg 150w, https:\/\/limogesabc.com\/wp-content\/uploads\/2022\/11\/U13D_2022-2023-1OK-768x553.jpg 768w\" sizes=\"(max-width: 1181px) 100vw, 1181px\" \/><\/p>\n<table class=\" aligncenter\" style=\"height: 242px; width: 39.3993%;\">\n<tbody>\n<tr>\n<td style=\"width: 581px; text-align: left;\"><strong>Debout de gauche \u00e0 droite :<\/strong> Thierry LE DEROUT (OTM), Justine TEIXEIRA, Oc\u00e9ane FOUCRAS-TOUBET, Jeanne LE DEROUT, No\u00e9liah ESCOBAR, Audrey BUDA-CASTEL,\u00a0Lise LEROY, Mathieu PAREAUD (OTM)<\/p>\n<p><strong>\u00c0 genoux :<\/strong> In\u00e8s MEZIANI, In\u00e9s CLEMENT, Lena DE OLIVEIRA, Clara VILLECHAISE, Juliette PAREAUD, Sarah FURLAUD (CE).<\/p>\n<p><strong>Absentes :<\/strong> Ambre BARREAUD, Lola COMMERY, N\u2019Naminataba DIABY<\/p>\n<p>&nbsp;<\/td>\n<\/tr>\n<\/tbody>\n<\/table>\n<p>&nbsp;<\/p>\n<p style=\"text-align: center;\"><img decoding=\"async\" class=\"alignnone wp-image-17522 size-full\" src=\"https:\/\/limogesabc.com\/wp-content\/uploads\/2022\/11\/U13D_2022-2023-2OK.jpg\" alt=\"\" width=\"1181\" height=\"945\" srcset=\"https:\/\/limogesabc.com\/wp-content\/uploads\/2022\/11\/U13D_2022-2023-2OK.jpg 1181w, https:\/\/limogesabc.com\/wp-content\/uploads\/2022\/11\/U13D_2022-2023-2OK-300x240.jpg 300w, https:\/\/limogesabc.com\/wp-content\/uploads\/2022\/11\/U13D_2022-2023-2OK-1024x819.jpg 1024w, https:\/\/limogesabc.com\/wp-content\/uploads\/2022\/11\/U13D_2022-2023-2OK-150x120.jpg 150w, https:\/\/limogesabc.com\/wp-content\/uploads\/2022\/11\/U13D_2022-2023-2OK-768x615.jpg 768w\" sizes=\"(max-width: 1181px) 100vw, 1181px\" \/><\/p>\n<p>&nbsp;<\/p>\n<p>&nbsp;<\/p>\n<p>&nbsp;<\/p>\n","protected":false},"excerpt":{"rendered":"<p>Debout de gauche \u00e0 droite : Thierry LE DEROUT (OTM), Justine TEIXEIRA, Oc\u00e9ane FOUCRAS-TOUBET, Jeanne LE DEROUT, No\u00e9liah ESCOBAR, Audrey BUDA-CASTEL,\u00a0Lise LEROY, Mathieu PAREAUD (OTM) \u00c0 genoux : In\u00e8s MEZIANI, In\u00e9s CLEMENT, Lena DE OLIVEIRA, Clara VILLECHAISE, Juliette PAREAUD, Sarah FURLAUD (CE). Absentes : Ambre BARREAUD, Lola COMMERY, N\u2019Naminataba DIABY &nbsp; &nbsp; &nbsp; &nbsp; &nbsp;<\/p>\n","protected":false},"author":3,"featured_media":0,"parent":0,"menu_order":0,"comment_status":"closed","ping_status":"closed","template":"","meta":{"_mi_skip_tracking":false,"_exactmetrics_sitenote_active":false,"_exactmetrics_sitenote_note":"","_exactmetrics_sitenote_category":0,"_monsterinsights_skip_tracking":false,"_monsterinsights_sitenote_active":false,"_monsterinsights_sitenote_note":"","_monsterinsights_sitenote_category":0,"footnotes":""},"class_list":["post-11221","page","type-page","status-publish","hentry"],"aioseo_notices":[],"_links":{"self":[{"href":"https:\/\/limogesabc.com\/index.php\/wp-json\/wp\/v2\/pages\/11221","targetHints":{"allow":["GET"]}}],"collection":[{"href":"https:\/\/limogesabc.com\/index.php\/wp-json\/wp\/v2\/pages"}],"about":[{"href":"https:\/\/limogesabc.com\/index.php\/wp-json\/wp\/v2\/types\/page"}],"author":[{"embeddable":true,"href":"https:\/\/limogesabc.com\/index.php\/wp-json\/wp\/v2\/users\/3"}],"replies":[{"embeddable":true,"href":"https:\/\/limogesabc.com\/index.php\/wp-json\/wp\/v2\/comments?post=11221"}],"version-history":[{"count":8,"href":"https:\/\/limogesabc.com\/index.php\/wp-json\/wp\/v2\/pages\/11221\/revisions"}],"predecessor-version":[{"id":17523,"href":"https:\/\/limogesabc.com\/index.php\/wp-json\/wp\/v2\/pages\/11221\/revisions\/17523"}],"wp:attachment":[{"href":"https:\/\/limogesabc.com\/index.php\/wp-json\/wp\/v2\/media?parent=11221"}],"curies":[{"name":"wp","href":"https:\/\/api.w.org\/{rel}","templated":true}]}}