{"id":13992,"date":"2021-05-13T18:42:47","date_gmt":"2021-05-13T16:42:47","guid":{"rendered":"http:\/\/limogesabc.com\/?page_id=13992"},"modified":"2025-12-01T11:14:49","modified_gmt":"2025-12-01T10:14:49","slug":"historique-2","status":"publish","type":"page","link":"https:\/\/limogesabc.com\/index.php\/historique-2\/","title":{"rendered":"NF1 2025-2026 > Effectif et staff"},"content":{"rendered":"\t\t<div data-elementor-type=\"wp-page\" data-elementor-id=\"13992\" class=\"elementor elementor-13992\">\n\t\t\t\t\t\t\t<div class=\"elementor-element elementor-element-909e66d e-con-full e-flex e-con e-parent\" data-id=\"909e66d\" data-element_type=\"container\" data-settings=\"{&quot;content_width&quot;:&quot;full&quot;,&quot;container_type&quot;:&quot;flex&quot;}\" data-core-v316-plus=\"true\">\n\t\t\t\t<div class=\"elementor-element elementor-element-3fb89cd elementor-widget elementor-widget-image\" data-id=\"3fb89cd\" data-element_type=\"widget\" data-widget_type=\"image.default\">\n\t\t\t\t<div class=\"elementor-widget-container\">\n\t\t\t<style>\/*! elementor - v3.18.0 - 29-11-2023 *\/\n.elementor-widget-image{text-align:center}.elementor-widget-image a{display:inline-block}.elementor-widget-image a img[src$=\".svg\"]{width:48px}.elementor-widget-image img{vertical-align:middle;display:inline-block}<\/style>\t\t\t\t\t\t\t\t\t\t\t\t<img fetchpriority=\"high\" decoding=\"async\" width=\"960\" height=\"640\" src=\"https:\/\/limogesabc.com\/wp-content\/uploads\/2025\/12\/IMG_8045-1024x683.png\" class=\"attachment-large size-large wp-image-22694\" alt=\"\" srcset=\"https:\/\/limogesabc.com\/wp-content\/uploads\/2025\/12\/IMG_8045-1024x683.png 1024w, https:\/\/limogesabc.com\/wp-content\/uploads\/2025\/12\/IMG_8045-300x200.png 300w, https:\/\/limogesabc.com\/wp-content\/uploads\/2025\/12\/IMG_8045-150x100.png 150w, https:\/\/limogesabc.com\/wp-content\/uploads\/2025\/12\/IMG_8045-768x512.png 768w, https:\/\/limogesabc.com\/wp-content\/uploads\/2025\/12\/IMG_8045-391x260.png 391w, https:\/\/limogesabc.com\/wp-content\/uploads\/2025\/12\/IMG_8045-1536x1025.png 1536w, https:\/\/limogesabc.com\/wp-content\/uploads\/2025\/12\/IMG_8045-2048x1366.png 2048w, https:\/\/limogesabc.com\/wp-content\/uploads\/2025\/12\/IMG_8045-310x207.png 310w, https:\/\/limogesabc.com\/wp-content\/uploads\/2025\/12\/IMG_8045-128x85.png 128w, https:\/\/limogesabc.com\/wp-content\/uploads\/2025\/12\/IMG_8045-32x21.png 32w\" sizes=\"(max-width: 960px) 100vw, 960px\" \/>\t\t\t\t\t\t\t\t\t\t\t\t\t\t\t<\/div>\n\t\t\t\t<\/div>\n\t\t\t\t<div class=\"elementor-element elementor-element-931f8d1 elementor-widget elementor-widget-text-editor\" data-id=\"931f8d1\" data-element_type=\"widget\" data-widget_type=\"text-editor.default\">\n\t\t\t\t<div class=\"elementor-widget-container\">\n\t\t\t<style>\/*! elementor - v3.18.0 - 29-11-2023 *\/\n.elementor-widget-text-editor.elementor-drop-cap-view-stacked .elementor-drop-cap{background-color:#69727d;color:#fff}.elementor-widget-text-editor.elementor-drop-cap-view-framed .elementor-drop-cap{color:#69727d;border:3px solid;background-color:transparent}.elementor-widget-text-editor:not(.elementor-drop-cap-view-default) .elementor-drop-cap{margin-top:8px}.elementor-widget-text-editor:not(.elementor-drop-cap-view-default) .elementor-drop-cap-letter{width:1em;height:1em}.elementor-widget-text-editor .elementor-drop-cap{float:left;text-align:center;line-height:1;font-size:50px}.elementor-widget-text-editor .elementor-drop-cap-letter{display:inline-block}<\/style>\t\t\t\t<table class=\" aligncenter\" style=\"height: 482px; width: 75.9167%; border-color: #191fcf; background-color: #ffffff;\"><tbody><tr style=\"height: 10px;\"><td style=\"width: 2.71963%; height: 24px; text-align: center;\"><span style=\"color: #000080;\"><strong>N\u00b0<\/strong><\/span><\/td><td style=\"width: 22.9866%; height: 24px; text-align: left;\"><span style=\"color: #000080;\"><strong>\u00a0 \u00a0 \u00a0 \u00a0 \u00a0 \u00a0 \u00a0 \u00a0 \u00a0 \u00a0 \u00a0 \u00a0 NOM<\/strong><\/span><\/td><td style=\"width: 26.7501%; height: 24px; text-align: left;\"><span style=\"color: #000080;\"><strong>\u00a0 \u00a0 \u00a0 \u00a0 \u00a0 \u00a0 \u00a0 \u00a0 \u00a0 \u00a0 \u00a0 \u00a0PRENOM\u00a0\u00a0<\/strong><\/span><\/td><td style=\"width: 9.69058%; height: 24px; text-align: left;\"><span style=\"color: #000080;\"><strong>\u00a0 \u00a0 \u00a0 POSTE<\/strong><\/span><\/td><td style=\"width: 10.3107%; height: 24px; text-align: left;\"><span style=\"color: #000080;\"><strong>\u00a0 \u00a0 \u00a0TAILLE<\/strong><\/span><\/td><td style=\"width: 11.8644%; height: 24px; text-align: left;\"><span style=\"color: #000080;\"><strong>\u00a0 \u00a0 \u00a0 \u00a0ANNEE<\/strong><\/span><\/td><\/tr><tr style=\"height: 10px;\"><td style=\"width: 2.71963%; height: 24px;\"><strong>1<\/strong><\/td><td style=\"width: 22.9866%; height: 24px;\"><strong>SALL<\/strong><\/td><td style=\"width: 26.7501%; height: 24px;\"><strong>Fate<\/strong><\/td><td style=\"width: 9.69058%; height: 24px;\"><strong>1\/2<\/strong><\/td><td style=\"width: 10.3107%; height: 24px;\"><strong>1,70<\/strong><\/td><td style=\"width: 11.8644%; height: 24px;\"><strong>2005<\/strong><\/td><\/tr><tr style=\"height: 24px;\"><td style=\"width: 2.71963%; height: 24px;\"><b>3<\/b><\/td><td style=\"width: 22.9866%; height: 24px;\"><b>NOLAN<\/b><\/td><td style=\"width: 26.7501%; height: 24px;\"><strong>Maddie<\/strong><\/td><td style=\"width: 9.69058%; height: 24px;\"><strong>2<\/strong><\/td><td style=\"width: 10.3107%; height: 24px;\"><strong>1,78<\/strong><\/td><td style=\"width: 11.8644%; height: 24px;\"><b>2000<\/b><\/td><\/tr><tr style=\"height: 24px;\"><td style=\"width: 2.71963%; height: 24px;\"><b>8<\/b><\/td><td style=\"width: 22.9866%; height: 24px;\"><strong>NKODIA<\/strong><\/td><td style=\"width: 26.7501%; height: 24px;\"><strong>Angie<\/strong><\/td><td style=\"width: 9.69058%; height: 24px;\"><strong>3\/4<\/strong><\/td><td style=\"width: 10.3107%; height: 24px;\"><strong>1,84<\/strong><\/td><td style=\"width: 11.8644%; height: 24px;\"><strong>2004<\/strong><\/td><\/tr><tr style=\"height: 24px;\"><td style=\"width: 2.71963%; height: 24px;\"><b>12<\/b><\/td><td style=\"width: 22.9866%; height: 24px;\"><strong>BIENVENU<\/strong><\/td><td style=\"width: 26.7501%; height: 24px;\"><strong>Margot<\/strong><\/td><td style=\"width: 9.69058%; height: 24px;\"><strong>4<\/strong><\/td><td style=\"width: 10.3107%; height: 24px;\"><strong>1,83<\/strong><\/td><td style=\"width: 11.8644%; height: 24px;\"><b>1997<\/b><\/td><\/tr><tr style=\"height: 24px;\"><td style=\"width: 2.71963%; height: 24px;\"><strong>14<\/strong><\/td><td style=\"width: 22.9866%; height: 24px;\"><strong>DONNARD<\/strong><\/td><td style=\"width: 26.7501%; height: 24px;\"><strong>L\u00e9na<\/strong><\/td><td style=\"width: 9.69058%; height: 24px;\"><b>3<\/b><\/td><td style=\"width: 10.3107%; height: 24px;\"><strong>1,87<\/strong><\/td><td style=\"width: 11.8644%; height: 24px;\"><b>2007<\/b><\/td><\/tr><tr style=\"height: 24px;\"><td style=\"width: 2.71963%; height: 24px;\"><b>15<\/b><\/td><td style=\"width: 22.9866%; height: 24px;\"><strong>DIAKITE<\/strong><\/td><td style=\"width: 26.7501%; height: 24px;\"><strong>Ass\u00e9tou<\/strong><\/td><td style=\"width: 9.69058%; height: 24px;\"><strong>5<\/strong><\/td><td style=\"width: 10.3107%; height: 24px;\"><strong>1,92<\/strong><\/td><td style=\"width: 11.8644%; height: 24px;\"><b>1998<\/b><\/td><\/tr><tr style=\"height: 24px;\"><td style=\"width: 2.71963%; height: 24px;\"><b>23<\/b><\/td><td style=\"width: 22.9866%; height: 24px;\"><strong>DRAME<\/strong><\/td><td style=\"width: 26.7501%; height: 24px;\"><strong>Oumi<\/strong><\/td><td style=\"width: 9.69058%; height: 24px;\"><b>2\/3<\/b><\/td><td style=\"width: 10.3107%; height: 24px;\"><strong>1,73<\/strong><\/td><td style=\"width: 11.8644%; height: 24px;\"><strong>2003<\/strong><\/td><\/tr><tr style=\"height: 24px;\"><td style=\"width: 2.71963%; height: 24px;\"><b>31<\/b><\/td><td style=\"width: 22.9866%; height: 24px;\"><strong>LATIL<\/strong><\/td><td style=\"width: 26.7501%; height: 24px;\"><strong>Clara<\/strong><\/td><td style=\"width: 9.69058%; height: 24px;\"><b>5\/4<\/b><\/td><td style=\"width: 10.3107%; height: 24px;\"><strong>1,89<\/strong><\/td><td style=\"width: 11.8644%; height: 24px;\"><strong>2004<\/strong><\/td><\/tr><tr style=\"height: 24px;\"><td style=\"width: 2.71963%; height: 24px;\"><b>98<\/b><\/td><td style=\"width: 22.9866%; height: 24px;\"><strong>CADARIO<\/strong><\/td><td style=\"width: 26.7501%; height: 24px;\"><b><strong>Coralie<\/strong><\/b><\/td><td style=\"width: 9.69058%; height: 24px;\"><b>1<\/b><\/td><td style=\"width: 10.3107%; height: 24px;\"><strong>1,60<\/strong><\/td><td style=\"width: 11.8644%; height: 24px;\"><b>1998<\/b><\/td><\/tr><tr style=\"height: 24px;\"><td style=\"width: 2.71963%; height: 24px;\">\u00a0<\/td><td style=\"width: 22.9866%; height: 24px;\">\u00a0<\/td><td style=\"width: 26.7501%; height: 24px;\">\u00a0<\/td><td style=\"width: 9.69058%; height: 24px;\">\u00a0<\/td><td style=\"width: 10.3107%; height: 24px;\">\u00a0<\/td><td style=\"width: 11.8644%; height: 24px;\">\u00a0<\/td><\/tr><tr style=\"height: 10px;\"><td style=\"width: 84.322%; height: 10px; background-color: #d6d4d4; text-align: left;\" colspan=\"6\">COACH<\/td><\/tr><tr style=\"height: 24px;\"><td style=\"width: 2.71963%; height: 10px;\">LECLAIRCIE<\/td><td style=\"width: 22.9866%; height: 10px;\">Romain<\/td><td style=\"width: 26.7501%; height: 10px;\">\u00a0<\/td><td style=\"width: 9.69058%; height: 10px;\">\u00a0<\/td><td style=\"width: 10.3107%; height: 10px;\">\u00a0<\/td><td style=\"width: 11.8644%; height: 10px;\">\u00a0<\/td><\/tr><tr style=\"height: 10px;\"><td style=\"width: 52.4563%; text-align: left; background-color: #dedcdc; height: 10px;\" colspan=\"3\">STAFF<\/td><td style=\"width: 9.69058%; text-align: left; background-color: #dedcdc; height: 10px;\">\u00a0<\/td><td style=\"width: 10.3107%; text-align: left; background-color: #dedcdc; height: 10px;\">\u00a0<\/td><td style=\"width: 11.8644%; text-align: left; background-color: #dedcdc; height: 10px;\">\u00a0<\/td><\/tr><tr style=\"height: 10px;\"><td style=\"height: 24px; text-align: left; width: 52.4563%;\" colspan=\"3\">Assistant : MAGNAVAL Cl\u00e9ment<\/td><td style=\"width: 9.69058%; height: 24px; text-align: left;\">\u00a0<\/td><td style=\"width: 10.3107%; height: 24px; text-align: left;\">\u00a0<\/td><td style=\"width: 11.8644%; height: 24px; text-align: left;\">\u00a0<\/td><\/tr><tr style=\"height: 10px;\"><td style=\"height: 24px; text-align: left; width: 52.4563%;\" colspan=\"3\">Assistant : LAGEDAMON Hugo<\/td><td style=\"width: 9.69058%; height: 24px; text-align: left;\">\u00a0<\/td><td style=\"width: 10.3107%; height: 24px; text-align: left;\">\u00a0<\/td><td style=\"width: 11.8644%; height: 24px; text-align: left;\">\u00a0<\/td><\/tr><tr style=\"height: 10px;\"><td style=\"text-align: left; width: 52.4563%; height: 10px;\" colspan=\"3\">Pr\u00e9parateur physique :<\/td><td style=\"width: 9.69058%; text-align: left; height: 10px;\">\u00a0<\/td><td style=\"width: 10.3107%; text-align: left; height: 10px;\">\u00a0<\/td><td style=\"width: 11.8644%; text-align: left; height: 10px;\">\u00a0<\/td><\/tr><tr style=\"height: 10px;\"><td style=\"text-align: left; width: 84.322%; height: 10px;\" colspan=\"6\">\u00a0<\/td><\/tr><tr style=\"height: 10px;\"><td style=\"text-align: left; width: 52.4563%; height: 24px; background-color: #dedcdc;\" colspan=\"3\">MEDICAL<\/td><td style=\"width: 9.69058%; text-align: left; height: 24px; background-color: #dedcdc;\">\u00a0<\/td><td style=\"width: 10.3107%; text-align: left; height: 24px; background-color: #dedcdc;\">\u00a0<\/td><td style=\"width: 11.8644%; text-align: left; height: 24px; background-color: #dedcdc;\">\u00a0<\/td><\/tr><tr style=\"height: 10px;\"><td style=\"text-align: left; width: 52.4563%; height: 48px;\" colspan=\"3\">M\u00e9decin g\u00e9n\u00e9raliste : FONTENAY Emilie<\/td><td style=\"width: 9.69058%; text-align: left; height: 48px;\">\u00a0<\/td><td style=\"width: 10.3107%; text-align: left; height: 48px;\">\u00a0<\/td><td style=\"width: 11.8644%; text-align: left; height: 48px;\">\u00a0<\/td><\/tr><tr style=\"height: 10px;\"><td style=\"text-align: left; height: 24px; width: 84.322%;\" colspan=\"6\">M\u00e9decins du sport : GERBAUD Guillaume et TEINTURIER Jennifer<\/td><\/tr><tr style=\"height: 10px;\"><td style=\"width: 52.4563%; text-align: left; height: 24px;\" colspan=\"3\">Kin\u00e9 : CHIOZZINI Th\u00e9o<\/td><td style=\"width: 9.69058%; text-align: left; height: 24px;\">\u00a0<\/td><td style=\"width: 10.3107%; text-align: left; height: 24px;\">\u00a0<\/td><td style=\"width: 11.8644%; text-align: left; height: 24px;\">\u00a0<\/td><\/tr><\/tbody><\/table>\t\t\t\t\t\t<\/div>\n\t\t\t\t<\/div>\n\t\t\t\t<\/div>\n\t\t<div class=\"elementor-element elementor-element-a7d2537 e-flex e-con-boxed e-con e-parent\" data-id=\"a7d2537\" data-element_type=\"container\" data-settings=\"{&quot;container_type&quot;:&quot;flex&quot;,&quot;content_width&quot;:&quot;boxed&quot;}\" data-core-v316-plus=\"true\">\n\t\t\t\t\t<div class=\"e-con-inner\">\n\t\t\t\t<div class=\"elementor-element elementor-element-69571b3 elementor-widget elementor-widget-spacer\" data-id=\"69571b3\" data-element_type=\"widget\" data-widget_type=\"spacer.default\">\n\t\t\t\t<div class=\"elementor-widget-container\">\n\t\t\t<style>\/*! elementor - v3.18.0 - 29-11-2023 *\/\n.elementor-column .elementor-spacer-inner{height:var(--spacer-size)}.e-con{--container-widget-width:100%}.e-con-inner>.elementor-widget-spacer,.e-con>.elementor-widget-spacer{width:var(--container-widget-width,var(--spacer-size));--align-self:var(--container-widget-align-self,initial);--flex-shrink:0}.e-con-inner>.elementor-widget-spacer>.elementor-widget-container,.e-con>.elementor-widget-spacer>.elementor-widget-container{height:100%;width:100%}.e-con-inner>.elementor-widget-spacer>.elementor-widget-container>.elementor-spacer,.e-con>.elementor-widget-spacer>.elementor-widget-container>.elementor-spacer{height:100%}.e-con-inner>.elementor-widget-spacer>.elementor-widget-container>.elementor-spacer>.elementor-spacer-inner,.e-con>.elementor-widget-spacer>.elementor-widget-container>.elementor-spacer>.elementor-spacer-inner{height:var(--container-widget-height,var(--spacer-size))}.e-con-inner>.elementor-widget-spacer.elementor-widget-empty,.e-con>.elementor-widget-spacer.elementor-widget-empty{position:relative;min-height:22px;min-width:22px}.e-con-inner>.elementor-widget-spacer.elementor-widget-empty .elementor-widget-empty-icon,.e-con>.elementor-widget-spacer.elementor-widget-empty .elementor-widget-empty-icon{position:absolute;top:0;bottom:0;left:0;right:0;margin:auto;padding:0;width:22px;height:22px}<\/style>\t\t<div class=\"elementor-spacer\">\n\t\t\t<div class=\"elementor-spacer-inner\"><\/div>\n\t\t<\/div>\n\t\t\t\t<\/div>\n\t\t\t\t<\/div>\n\t\t\t\t\t<\/div>\n\t\t\t\t<\/div>\n\t\t<div class=\"elementor-element elementor-element-2e2b220 e-flex e-con-boxed e-con e-parent\" data-id=\"2e2b220\" data-element_type=\"container\" data-settings=\"{&quot;container_type&quot;:&quot;flex&quot;,&quot;content_width&quot;:&quot;boxed&quot;}\" data-core-v316-plus=\"true\">\n\t\t\t\t\t<div class=\"e-con-inner\">\n\t\t\t\t<div class=\"elementor-element elementor-element-3958918 elementor-widget elementor-widget-spacer\" data-id=\"3958918\" data-element_type=\"widget\" data-widget_type=\"spacer.default\">\n\t\t\t\t<div class=\"elementor-widget-container\">\n\t\t\t\t\t<div class=\"elementor-spacer\">\n\t\t\t<div class=\"elementor-spacer-inner\"><\/div>\n\t\t<\/div>\n\t\t\t\t<\/div>\n\t\t\t\t<\/div>\n\t\t\t\t\t<\/div>\n\t\t\t\t<\/div>\n\t\t\t\t\t\t\t<\/div>\n\t\t","protected":false},"excerpt":{"rendered":"<p>N\u00b0 \u00a0 \u00a0 \u00a0 \u00a0 \u00a0 \u00a0 \u00a0 \u00a0 \u00a0 \u00a0 \u00a0 \u00a0 NOM \u00a0 \u00a0 \u00a0 \u00a0 \u00a0 \u00a0 \u00a0 \u00a0 \u00a0 \u00a0 \u00a0 \u00a0PRENOM\u00a0\u00a0 \u00a0 \u00a0 \u00a0 POSTE \u00a0 \u00a0 \u00a0TAILLE \u00a0 \u00a0 \u00a0 \u00a0ANNEE 1 SALL Fate 1\/2 1,70 2005 3 NOLAN Maddie 2 1,78 2000 8 NKODIA Angie 3\/4 1,84 2004&#8230; <\/p>\n<div class=\"clear\"><\/div>\n<p><a href=\"https:\/\/limogesabc.com\/index.php\/historique-2\/\" class=\"excerpt-read-more\">Lire plus<\/a><\/p>\n","protected":false},"author":3,"featured_media":0,"parent":0,"menu_order":0,"comment_status":"closed","ping_status":"closed","template":"elementor_theme","meta":{"_mi_skip_tracking":false,"_exactmetrics_sitenote_active":false,"_exactmetrics_sitenote_note":"","_exactmetrics_sitenote_category":0,"_monsterinsights_skip_tracking":false,"_monsterinsights_sitenote_active":false,"_monsterinsights_sitenote_note":"","_monsterinsights_sitenote_category":0,"footnotes":""},"class_list":["post-13992","page","type-page","status-publish","hentry"],"aioseo_notices":[],"_links":{"self":[{"href":"https:\/\/limogesabc.com\/index.php\/wp-json\/wp\/v2\/pages\/13992","targetHints":{"allow":["GET"]}}],"collection":[{"href":"https:\/\/limogesabc.com\/index.php\/wp-json\/wp\/v2\/pages"}],"about":[{"href":"https:\/\/limogesabc.com\/index.php\/wp-json\/wp\/v2\/types\/page"}],"author":[{"embeddable":true,"href":"https:\/\/limogesabc.com\/index.php\/wp-json\/wp\/v2\/users\/3"}],"replies":[{"embeddable":true,"href":"https:\/\/limogesabc.com\/index.php\/wp-json\/wp\/v2\/comments?post=13992"}],"version-history":[{"count":10,"href":"https:\/\/limogesabc.com\/index.php\/wp-json\/wp\/v2\/pages\/13992\/revisions"}],"predecessor-version":[{"id":22697,"href":"https:\/\/limogesabc.com\/index.php\/wp-json\/wp\/v2\/pages\/13992\/revisions\/22697"}],"wp:attachment":[{"href":"https:\/\/limogesabc.com\/index.php\/wp-json\/wp\/v2\/media?parent=13992"}],"curies":[{"name":"wp","href":"https:\/\/api.w.org\/{rel}","templated":true}]}}