{"id":17524,"date":"2022-11-28T17:47:07","date_gmt":"2022-11-28T16:47:07","guid":{"rendered":"http:\/\/limogesabc.com\/?page_id=17524"},"modified":"2023-02-27T09:38:06","modified_gmt":"2023-02-27T08:38:06","slug":"seniores-pre-region","status":"publish","type":"page","link":"https:\/\/limogesabc.com\/index.php\/seniores-pre-region\/","title":{"rendered":"S\u00e9niores Pr\u00e9-R\u00e9gion"},"content":{"rendered":"<h3><\/h3>\n<p><img fetchpriority=\"high\" decoding=\"async\" class=\"alignnone wp-image-18354 size-full\" src=\"https:\/\/limogesabc.com\/wp-content\/uploads\/2023\/02\/PRF_2022-2023.jpg\" alt=\"\" width=\"1181\" height=\"925\" srcset=\"https:\/\/limogesabc.com\/wp-content\/uploads\/2023\/02\/PRF_2022-2023.jpg 1181w, https:\/\/limogesabc.com\/wp-content\/uploads\/2023\/02\/PRF_2022-2023-300x235.jpg 300w, https:\/\/limogesabc.com\/wp-content\/uploads\/2023\/02\/PRF_2022-2023-1024x802.jpg 1024w, https:\/\/limogesabc.com\/wp-content\/uploads\/2023\/02\/PRF_2022-2023-150x117.jpg 150w, https:\/\/limogesabc.com\/wp-content\/uploads\/2023\/02\/PRF_2022-2023-768x602.jpg 768w\" sizes=\"(max-width: 1181px) 100vw, 1181px\" \/><\/p>\n<table class=\" aligncenter\">\n<tbody>\n<tr>\n<td><strong>Debout de gauche \u00e0 droite :<\/strong> Philippe Voisin (responsable d\u2019\u00e9quipe), Cassandra Lejeune (13), Emilie Piarou (15), Emilie-Jeanne Ollier (11), Alicia Ribeiro Peixoto (14), Kevin Devaud (coach)<br \/>\n<strong>Accroupies, de gauche \u00e0 droite :<\/strong> Emma Nouhaud (8), Jessia Voisin (6), Justine Ribeiro (9), L\u00e9a Peschiera (8)<br \/>\n<strong>Absentes sur la photo :<\/strong> Amandine Ruaud, Fiona Latissi\u00e9re<\/td>\n<\/tr>\n<\/tbody>\n<\/table>\n<p style=\"text-align: center;\">\n<p style=\"text-align: center;\">\n","protected":false},"excerpt":{"rendered":"<p>Debout de gauche \u00e0 droite : Philippe Voisin (responsable d\u2019\u00e9quipe), Cassandra Lejeune (13), Emilie Piarou (15), Emilie-Jeanne Ollier (11), Alicia Ribeiro Peixoto (14), Kevin Devaud (coach) Accroupies, de gauche \u00e0 droite : Emma Nouhaud (8), Jessia Voisin (6), Justine Ribeiro (9), L\u00e9a Peschiera (8) Absentes sur la photo : Amandine Ruaud, Fiona Latissi\u00e9re<\/p>\n","protected":false},"author":3,"featured_media":0,"parent":0,"menu_order":0,"comment_status":"closed","ping_status":"closed","template":"","meta":{"_mi_skip_tracking":false,"_exactmetrics_sitenote_active":false,"_exactmetrics_sitenote_note":"","_exactmetrics_sitenote_category":0,"_monsterinsights_skip_tracking":false,"_monsterinsights_sitenote_active":false,"_monsterinsights_sitenote_note":"","_monsterinsights_sitenote_category":0,"footnotes":""},"class_list":["post-17524","page","type-page","status-publish","hentry"],"aioseo_notices":[],"_links":{"self":[{"href":"https:\/\/limogesabc.com\/index.php\/wp-json\/wp\/v2\/pages\/17524","targetHints":{"allow":["GET"]}}],"collection":[{"href":"https:\/\/limogesabc.com\/index.php\/wp-json\/wp\/v2\/pages"}],"about":[{"href":"https:\/\/limogesabc.com\/index.php\/wp-json\/wp\/v2\/types\/page"}],"author":[{"embeddable":true,"href":"https:\/\/limogesabc.com\/index.php\/wp-json\/wp\/v2\/users\/3"}],"replies":[{"embeddable":true,"href":"https:\/\/limogesabc.com\/index.php\/wp-json\/wp\/v2\/comments?post=17524"}],"version-history":[{"count":3,"href":"https:\/\/limogesabc.com\/index.php\/wp-json\/wp\/v2\/pages\/17524\/revisions"}],"predecessor-version":[{"id":18355,"href":"https:\/\/limogesabc.com\/index.php\/wp-json\/wp\/v2\/pages\/17524\/revisions\/18355"}],"wp:attachment":[{"href":"https:\/\/limogesabc.com\/index.php\/wp-json\/wp\/v2\/media?parent=17524"}],"curies":[{"name":"wp","href":"https:\/\/api.w.org\/{rel}","templated":true}]}}