{"id":18361,"date":"2023-02-27T10:12:54","date_gmt":"2023-02-27T09:12:54","guid":{"rendered":"http:\/\/limogesabc.com\/?page_id=18361"},"modified":"2023-02-27T10:29:30","modified_gmt":"2023-02-27T09:29:30","slug":"u7","status":"publish","type":"page","link":"https:\/\/limogesabc.com\/index.php\/u7\/","title":{"rendered":"U7"},"content":{"rendered":"<h3><\/h3>\n<p><img fetchpriority=\"high\" decoding=\"async\" class=\"alignnone wp-image-18368 size-full\" src=\"https:\/\/limogesabc.com\/wp-content\/uploads\/2023\/02\/U7_2022-2023.jpg\" alt=\"\" width=\"1181\" height=\"813\" srcset=\"https:\/\/limogesabc.com\/wp-content\/uploads\/2023\/02\/U7_2022-2023.jpg 1181w, https:\/\/limogesabc.com\/wp-content\/uploads\/2023\/02\/U7_2022-2023-300x207.jpg 300w, https:\/\/limogesabc.com\/wp-content\/uploads\/2023\/02\/U7_2022-2023-1024x705.jpg 1024w, https:\/\/limogesabc.com\/wp-content\/uploads\/2023\/02\/U7_2022-2023-150x103.jpg 150w, https:\/\/limogesabc.com\/wp-content\/uploads\/2023\/02\/U7_2022-2023-768x529.jpg 768w\" sizes=\"(max-width: 1181px) 100vw, 1181px\" \/><\/p>\n<table class=\" aligncenter\" style=\"width: 82.7462%; height: 266px;\">\n<tbody>\n<tr>\n<td><strong>Accroupies de gauche \u00e0 droite\u00a0:<\/strong> Manelle El Gazzar El Idrissi, Hana\u00a0 Meziani, Charlotte, Az\u00e9lie\u00a0 Vaillaud, Mia Durcan<\/p>\n<p><strong>Debout de gauche \u00e0 droite\u00a0:<\/strong> Margaux Thoumis, Abbyga\u00eblle Maisongrande, Cl\u00e9a Dam\u00e9, Emmy Eude, Marley Dadie, Giulia Renaudie<\/p>\n<p><strong>Absentes sur la photo\u00a0:<\/strong> Agathe Le Strat Dortignac,\u00a0Norah\u00a0 Aboutaher<\/p>\n<p><strong>Entraineurs\/ coachs\u00a0:<\/strong> Coraline Vampouille, Ludivine Guegand, Samuel Vampouille<\/p>\n<p><strong>Responsables d\u2019\u00e9quipe<\/strong>\u00a0<strong>:<\/strong><\/td>\n<\/tr>\n<\/tbody>\n<\/table>\n<p style=\"text-align: center;\">\n","protected":false},"excerpt":{"rendered":"<p>Accroupies de gauche \u00e0 droite\u00a0: Manelle El Gazzar El Idrissi, Hana\u00a0 Meziani, Charlotte, Az\u00e9lie\u00a0 Vaillaud, Mia Durcan Debout de gauche \u00e0 droite\u00a0: Margaux Thoumis, Abbyga\u00eblle Maisongrande, Cl\u00e9a Dam\u00e9, Emmy Eude, Marley Dadie, Giulia Renaudie Absentes sur la photo\u00a0: Agathe Le Strat Dortignac,\u00a0Norah\u00a0 Aboutaher Entraineurs\/ coachs\u00a0: Coraline Vampouille, Ludivine Guegand, Samuel Vampouille Responsables d\u2019\u00e9quipe\u00a0:<\/p>\n","protected":false},"author":3,"featured_media":0,"parent":0,"menu_order":0,"comment_status":"closed","ping_status":"closed","template":"","meta":{"_mi_skip_tracking":false,"_exactmetrics_sitenote_active":false,"_exactmetrics_sitenote_note":"","_exactmetrics_sitenote_category":0,"_monsterinsights_skip_tracking":false,"_monsterinsights_sitenote_active":false,"_monsterinsights_sitenote_note":"","_monsterinsights_sitenote_category":0,"footnotes":""},"class_list":["post-18361","page","type-page","status-publish","hentry"],"aioseo_notices":[],"_links":{"self":[{"href":"https:\/\/limogesabc.com\/index.php\/wp-json\/wp\/v2\/pages\/18361","targetHints":{"allow":["GET"]}}],"collection":[{"href":"https:\/\/limogesabc.com\/index.php\/wp-json\/wp\/v2\/pages"}],"about":[{"href":"https:\/\/limogesabc.com\/index.php\/wp-json\/wp\/v2\/types\/page"}],"author":[{"embeddable":true,"href":"https:\/\/limogesabc.com\/index.php\/wp-json\/wp\/v2\/users\/3"}],"replies":[{"embeddable":true,"href":"https:\/\/limogesabc.com\/index.php\/wp-json\/wp\/v2\/comments?post=18361"}],"version-history":[{"count":4,"href":"https:\/\/limogesabc.com\/index.php\/wp-json\/wp\/v2\/pages\/18361\/revisions"}],"predecessor-version":[{"id":18371,"href":"https:\/\/limogesabc.com\/index.php\/wp-json\/wp\/v2\/pages\/18361\/revisions\/18371"}],"wp:attachment":[{"href":"https:\/\/limogesabc.com\/index.php\/wp-json\/wp\/v2\/media?parent=18361"}],"curies":[{"name":"wp","href":"https:\/\/api.w.org\/{rel}","templated":true}]}}