{"id":3138,"date":"2014-09-09T08:06:37","date_gmt":"2014-09-09T08:06:37","guid":{"rendered":"http:\/\/themes.goodlayers.com\/realsoccer\/?page_id=3138"},"modified":"2022-07-11T10:57:07","modified_gmt":"2022-07-11T08:57:07","slug":"player-3-columns","status":"publish","type":"page","link":"https:\/\/limogesabc.com\/index.php\/player-3-columns\/","title":{"rendered":"Archives"},"content":{"rendered":"<p>&nbsp;<\/p>\n<p><img fetchpriority=\"high\" decoding=\"async\" class=\"aligncenter wp-image-14336 size-large\" src=\"https:\/\/limogesabc.com\/wp-content\/uploads\/2021\/09\/NF1_2021-2022_OFF1-1024x710.jpg\" alt=\"\" width=\"960\" height=\"666\" srcset=\"https:\/\/limogesabc.com\/wp-content\/uploads\/2021\/09\/NF1_2021-2022_OFF1-1024x710.jpg 1024w, https:\/\/limogesabc.com\/wp-content\/uploads\/2021\/09\/NF1_2021-2022_OFF1-300x208.jpg 300w, https:\/\/limogesabc.com\/wp-content\/uploads\/2021\/09\/NF1_2021-2022_OFF1-150x104.jpg 150w, https:\/\/limogesabc.com\/wp-content\/uploads\/2021\/09\/NF1_2021-2022_OFF1-768x533.jpg 768w, https:\/\/limogesabc.com\/wp-content\/uploads\/2021\/09\/NF1_2021-2022_OFF1.jpg 1181w\" sizes=\"(max-width: 960px) 100vw, 960px\" \/><\/p>\n<p>&nbsp;<\/p>\n<table class=\" aligncenter\">\n<tbody>\n<tr>\n<td><strong>N\u00b0<\/strong><\/td>\n<td><strong>NOM<\/strong><\/td>\n<td><strong>PRENOM<\/strong><\/td>\n<td><strong>POSTE<\/strong><\/td>\n<td><strong>TAILLE<\/strong><\/td>\n<td><strong>ANNEE<\/strong><\/td>\n<\/tr>\n<tr>\n<td><strong>2<\/strong><\/td>\n<td><strong>MARTI<\/strong><\/td>\n<td><strong>Hermance<\/strong><\/td>\n<td><strong>1<\/strong><\/td>\n<td><strong>1,70<\/strong><\/td>\n<td><strong>2003<\/strong><\/td>\n<\/tr>\n<tr>\n<td><strong>3<\/strong><\/td>\n<td><strong>WILLIAMS<\/strong><\/td>\n<td><strong>Danni<\/strong><\/td>\n<td><strong>2<\/strong><\/td>\n<td><strong>1,78<\/strong><\/td>\n<td><strong>1996<\/strong><\/td>\n<\/tr>\n<tr>\n<td><strong>5<\/strong><\/td>\n<td><strong>MAHOBAH<\/strong><\/td>\n<td><strong>Kanelle<\/strong><\/td>\n<td><strong>1<\/strong><\/td>\n<td><strong>1,68<\/strong><\/td>\n<td><strong>1998<\/strong><\/td>\n<\/tr>\n<tr>\n<td><strong>6<\/strong><\/td>\n<td><strong>IRABE<\/strong><\/td>\n<td><strong>Oph\u00e9lie<\/strong><\/td>\n<td><strong>3<\/strong><\/td>\n<td><strong>1,83<\/strong><\/td>\n<td><strong>1995<\/strong><\/td>\n<\/tr>\n<tr>\n<td><strong>7<\/strong><\/td>\n<td><strong>PEYTOUR<\/strong><\/td>\n<td><strong>Samantha<\/strong><\/td>\n<td><strong>5<\/strong><\/td>\n<td><strong>1,87<\/strong><\/td>\n<td><strong>2002<\/strong><\/td>\n<\/tr>\n<tr>\n<td><strong>9<\/strong><\/td>\n<td><strong>BREUIL<\/strong><\/td>\n<td><strong>Johanna<\/strong><\/td>\n<td><strong>1-2<\/strong><\/td>\n<td><strong>1,67<\/strong><\/td>\n<td><strong>2000<\/strong><\/td>\n<\/tr>\n<tr>\n<td><strong>11<\/strong><\/td>\n<td><strong>DRAME<\/strong><\/td>\n<td><strong>Oumi<\/strong><\/td>\n<td><strong>2<\/strong><\/td>\n<td><strong>1,75<\/strong><\/td>\n<td><strong>2003<\/strong><\/td>\n<\/tr>\n<tr>\n<td><strong>13<\/strong><\/td>\n<td><strong>CHAUVEAU<\/strong><\/td>\n<td><b>Cl\u00e9mentine<\/b><\/td>\n<td><strong>4<\/strong><\/td>\n<td><strong>1,86<\/strong><\/td>\n<td><strong>2002<\/strong><\/td>\n<\/tr>\n<tr>\n<td><strong>18<\/strong><\/td>\n<td><strong>DEROO<\/strong><\/td>\n<td><b><strong>Caroline<\/strong><\/b><\/td>\n<td><strong>4-3<\/strong><\/td>\n<td><strong>1,84<\/strong><\/td>\n<td><strong>1999<\/strong><\/td>\n<\/tr>\n<tr>\n<td><strong>21<\/strong><\/td>\n<td><strong>DIOUF<\/strong><\/td>\n<td><b><strong>Khadidiatou<\/strong><\/b><\/td>\n<td><strong>5<\/strong><\/td>\n<td><strong>1,92<\/strong><\/td>\n<td><strong>1995<\/strong><\/td>\n<\/tr>\n<tr>\n<td colspan=\"6\"><strong>Partenaire d&#8217;entrainement<\/strong><strong><br \/>\n<\/strong><\/td>\n<\/tr>\n<tr>\n<td><\/td>\n<td><strong>NKODIA<\/strong><\/td>\n<td><b><strong>Angie<\/strong><\/b><\/td>\n<td><strong>3<\/strong><\/td>\n<td><strong>1,84<\/strong><\/td>\n<td><strong>2004<\/strong><\/td>\n<\/tr>\n<tr>\n<td colspan=\"3\"><strong>\u00a0<\/strong><\/td>\n<td><\/td>\n<td><\/td>\n<td><\/td>\n<\/tr>\n<tr>\n<td colspan=\"3\"><strong>Coach :\u00a0Romain LECLAIRCIE<\/strong><\/td>\n<td><\/td>\n<td><\/td>\n<td><\/td>\n<\/tr>\n<tr>\n<td colspan=\"3\"><strong>Assistant : Corentin LE PAN<\/strong><\/td>\n<td><\/td>\n<td><\/td>\n<td><\/td>\n<\/tr>\n<tr>\n<td colspan=\"3\"><strong>Pr\u00e9parateur individuel : Mathieu KHALED<\/strong><\/td>\n<td><\/td>\n<td><\/td>\n<td><\/td>\n<\/tr>\n<tr>\n<td colspan=\"3\"><strong>Pr\u00e9parateur\u00a0<\/strong><b>Physique : Jean-Christophe LAMARGOT<\/b><\/td>\n<td><\/td>\n<td><\/td>\n<td><\/td>\n<\/tr>\n<tr>\n<td colspan=\"3\"><strong>\u00a0<\/strong><\/td>\n<td><\/td>\n<td><\/td>\n<td><\/td>\n<\/tr>\n<tr>\n<td colspan=\"3\"><b>M\u00e9decin g\u00e9n\u00e9raliste : Maxime VIDAL<\/b><\/td>\n<td><\/td>\n<td><\/td>\n<td><\/td>\n<\/tr>\n<tr>\n<td colspan=\"3\"><b>M\u00e9decin du sport : Guillaume GERBAUD<\/b><\/td>\n<td><\/td>\n<td><\/td>\n<td><\/td>\n<\/tr>\n<tr>\n<td colspan=\"3\"><strong>Kin\u00e9 : Romain AOUT<\/strong><\/td>\n<td><\/td>\n<td><\/td>\n<td><\/td>\n<\/tr>\n<\/tbody>\n<\/table>\n<p>&nbsp;<\/p>\n<p>&nbsp;<\/p>\n<p>&nbsp;<\/p>\n<p>&nbsp;<\/p>\n<p>&nbsp;<\/p>\n<p>&nbsp;<\/p>\n<p>&nbsp;<\/p>\n<p>&nbsp;<\/p>\n<p>&nbsp;<\/p>\n<p>&nbsp;<\/p>\n<p><img decoding=\"async\" class=\"wp-image-14337 size-large aligncenter\" src=\"https:\/\/limogesabc.com\/wp-content\/uploads\/2021\/09\/NF1_2021-2022_OFF2-1024x682.jpg\" alt=\"\" width=\"960\" height=\"639\" srcset=\"https:\/\/limogesabc.com\/wp-content\/uploads\/2021\/09\/NF1_2021-2022_OFF2-1024x682.jpg 1024w, https:\/\/limogesabc.com\/wp-content\/uploads\/2021\/09\/NF1_2021-2022_OFF2-300x200.jpg 300w, https:\/\/limogesabc.com\/wp-content\/uploads\/2021\/09\/NF1_2021-2022_OFF2-150x100.jpg 150w, https:\/\/limogesabc.com\/wp-content\/uploads\/2021\/09\/NF1_2021-2022_OFF2-768x511.jpg 768w, https:\/\/limogesabc.com\/wp-content\/uploads\/2021\/09\/NF1_2021-2022_OFF2-391x260.jpg 391w, https:\/\/limogesabc.com\/wp-content\/uploads\/2021\/09\/NF1_2021-2022_OFF2.jpg 1181w\" sizes=\"(max-width: 960px) 100vw, 960px\" \/><\/p>\n<p>&nbsp;<\/p>\n<p>&nbsp;<\/p>\n<p>&nbsp;<\/p>\n<p>&nbsp;<\/p>\n<p>&nbsp;<\/p>\n<p>&nbsp;<\/p>\n","protected":false},"excerpt":{"rendered":"<p>&nbsp; &nbsp; N\u00b0 NOM PRENOM POSTE TAILLE ANNEE 2 MARTI Hermance 1 1,70 2003 3 WILLIAMS Danni 2 1,78 1996 5 MAHOBAH Kanelle 1 1,68 1998 6 IRABE Oph\u00e9lie 3 1,83 1995 7 PEYTOUR Samantha 5 1,87 2002 9 BREUIL Johanna 1-2 1,67 2000 11 DRAME Oumi 2 1,75 2003 13 CHAUVEAU Cl\u00e9mentine 4 1,86&#8230; <\/p>\n<div class=\"clear\"><\/div>\n<p><a href=\"https:\/\/limogesabc.com\/index.php\/player-3-columns\/\" class=\"excerpt-read-more\">Lire plus<\/a><\/p>\n","protected":false},"author":1,"featured_media":0,"parent":0,"menu_order":0,"comment_status":"closed","ping_status":"open","template":"","meta":{"_mi_skip_tracking":false,"_exactmetrics_sitenote_active":false,"_exactmetrics_sitenote_note":"","_exactmetrics_sitenote_category":0,"_monsterinsights_skip_tracking":false,"_monsterinsights_sitenote_active":false,"_monsterinsights_sitenote_note":"","_monsterinsights_sitenote_category":0,"footnotes":""},"class_list":["post-3138","page","type-page","status-publish","hentry"],"aioseo_notices":[],"_links":{"self":[{"href":"https:\/\/limogesabc.com\/index.php\/wp-json\/wp\/v2\/pages\/3138","targetHints":{"allow":["GET"]}}],"collection":[{"href":"https:\/\/limogesabc.com\/index.php\/wp-json\/wp\/v2\/pages"}],"about":[{"href":"https:\/\/limogesabc.com\/index.php\/wp-json\/wp\/v2\/types\/page"}],"author":[{"embeddable":true,"href":"https:\/\/limogesabc.com\/index.php\/wp-json\/wp\/v2\/users\/1"}],"replies":[{"embeddable":true,"href":"https:\/\/limogesabc.com\/index.php\/wp-json\/wp\/v2\/comments?post=3138"}],"version-history":[{"count":11,"href":"https:\/\/limogesabc.com\/index.php\/wp-json\/wp\/v2\/pages\/3138\/revisions"}],"predecessor-version":[{"id":16425,"href":"https:\/\/limogesabc.com\/index.php\/wp-json\/wp\/v2\/pages\/3138\/revisions\/16425"}],"wp:attachment":[{"href":"https:\/\/limogesabc.com\/index.php\/wp-json\/wp\/v2\/media?parent=3138"}],"curies":[{"name":"wp","href":"https:\/\/api.w.org\/{rel}","templated":true}]}}