{"id":3913,"date":"2018-01-08T13:58:27","date_gmt":"2018-01-08T13:58:27","guid":{"rendered":"http:\/\/limogesabc.com\/?page_id=3913"},"modified":"2025-03-28T14:50:32","modified_gmt":"2025-03-28T13:50:32","slug":"devenir-partenaire","status":"publish","type":"page","link":"https:\/\/limogesabc.com\/index.php\/devenir-partenaire\/","title":{"rendered":"Devenir Partenaire"},"content":{"rendered":"\n<h1><span style=\"color: #ff0000;\"><strong>Rejoignez-nous et soutenez le sport F\u00e9minin !<\/strong><\/span><\/h1>\n<h3><strong>Le Limoges ABC est bien plus qu&#8217;un club de basket. C&#8217;est une communaut\u00e9 qui partage de fortes valeurs : solidarit\u00e9, respect, engagement, convivialit\u00e9 et passion. En devenant partenaire du Limoges ABC, vous soutenez un club f\u00e9minin solidaire et engag\u00e9 envers tous ses partenaires.<\/strong><\/h3>\n<h3><strong>Ensemble, contribuons \u00e0 d\u00e9velopper le sport f\u00e9minin et \u00e0 soutenir les jeunes talents de demain\u2026 Que vous soyez une petite ou grandes entreprises, nous vous proposons des partenariats adapt\u00e9s et personnalis\u00e9s en fonctions de vos demandes.<\/strong><\/h3>\n<h3>\u00a0<\/h3>\n<h1><strong>Participez \u00e0 l&#8217;aventure, contactez-nous d\u00e8s maintenant ! <\/strong><\/h1>\n<h1><strong><span style=\"color: #ff0000;\">clic &#8211;&gt; <a href=\"https:\/\/limogesabc.com\/wp-content\/uploads\/2025\/03\/DEVENIR-PARTENAIRE-DU-LIMOGES-ABC.pdf\">DEVENIR PARTENAIRE DU LIMOGES ABC<\/a><\/span><\/strong><\/h1>\n<h1>\u00a0<\/h1>\n","protected":false},"excerpt":{"rendered":"<p>Rejoignez-nous et soutenez le sport F\u00e9minin ! Le Limoges ABC est bien plus qu&#8217;un club de basket. C&#8217;est une communaut\u00e9 qui partage de fortes valeurs : solidarit\u00e9, respect, engagement, convivialit\u00e9 et passion. En devenant partenaire du Limoges ABC, vous soutenez un club f\u00e9minin solidaire et engag\u00e9 envers tous ses partenaires. Ensemble, contribuons \u00e0 d\u00e9velopper le&#8230; <\/p>\n<div class=\"clear\"><\/div>\n<p><a href=\"https:\/\/limogesabc.com\/index.php\/devenir-partenaire\/\" class=\"excerpt-read-more\">Lire plus<\/a><\/p>\n","protected":false},"author":1,"featured_media":0,"parent":0,"menu_order":0,"comment_status":"closed","ping_status":"closed","template":"","meta":{"_mi_skip_tracking":false,"_exactmetrics_sitenote_active":false,"_exactmetrics_sitenote_note":"","_exactmetrics_sitenote_category":0,"_monsterinsights_skip_tracking":false,"_monsterinsights_sitenote_active":false,"_monsterinsights_sitenote_note":"","_monsterinsights_sitenote_category":0,"footnotes":""},"class_list":["post-3913","page","type-page","status-publish","hentry"],"aioseo_notices":[],"_links":{"self":[{"href":"https:\/\/limogesabc.com\/index.php\/wp-json\/wp\/v2\/pages\/3913","targetHints":{"allow":["GET"]}}],"collection":[{"href":"https:\/\/limogesabc.com\/index.php\/wp-json\/wp\/v2\/pages"}],"about":[{"href":"https:\/\/limogesabc.com\/index.php\/wp-json\/wp\/v2\/types\/page"}],"author":[{"embeddable":true,"href":"https:\/\/limogesabc.com\/index.php\/wp-json\/wp\/v2\/users\/1"}],"replies":[{"embeddable":true,"href":"https:\/\/limogesabc.com\/index.php\/wp-json\/wp\/v2\/comments?post=3913"}],"version-history":[{"count":10,"href":"https:\/\/limogesabc.com\/index.php\/wp-json\/wp\/v2\/pages\/3913\/revisions"}],"predecessor-version":[{"id":22277,"href":"https:\/\/limogesabc.com\/index.php\/wp-json\/wp\/v2\/pages\/3913\/revisions\/22277"}],"wp:attachment":[{"href":"https:\/\/limogesabc.com\/index.php\/wp-json\/wp\/v2\/media?parent=3913"}],"curies":[{"name":"wp","href":"https:\/\/api.w.org\/{rel}","templated":true}]}}