{"id":5123,"date":"2018-02-16T13:15:11","date_gmt":"2018-02-16T12:15:11","guid":{"rendered":"http:\/\/limogesabc.com\/?page_id=5123"},"modified":"2018-02-22T21:54:46","modified_gmt":"2018-02-22T20:54:46","slug":"pre-regionale","status":"publish","type":"page","link":"https:\/\/limogesabc.com\/index.php\/pre-regionale\/","title":{"rendered":"Pr\u00e9-R\u00e9gionale"},"content":{"rendered":"<p>&nbsp;<\/p>\n<p><a href=\"https:\/\/limogesabc.com\/wp-content\/uploads\/2018\/02\/PREREG-1718.jpg\"><img fetchpriority=\"high\" decoding=\"async\" class=\"aligncenter wp-image-5342 size-large\" src=\"https:\/\/limogesabc.com\/wp-content\/uploads\/2018\/02\/PREREG-1718-1024x708.jpg\" alt=\"\" width=\"960\" height=\"664\" srcset=\"https:\/\/limogesabc.com\/wp-content\/uploads\/2018\/02\/PREREG-1718-1024x708.jpg 1024w, https:\/\/limogesabc.com\/wp-content\/uploads\/2018\/02\/PREREG-1718-300x208.jpg 300w, https:\/\/limogesabc.com\/wp-content\/uploads\/2018\/02\/PREREG-1718-768x531.jpg 768w, https:\/\/limogesabc.com\/wp-content\/uploads\/2018\/02\/PREREG-1718.jpg 1181w\" sizes=\"(max-width: 960px) 100vw, 960px\" \/><\/a><\/p>\n<table class=\" aligncenter\" style=\"width: 558px; height: 499px;\" cellspacing=\"0\" cellpadding=\"0\">\n<tbody>\n<tr>\n<td style=\"width: 130px; text-align: left;\" valign=\"middle\"><span style=\"color: #000000; font-family: Arial; font-size: medium;\"><b>N\u00b0<\/b><\/span><\/td>\n<td style=\"width: 219.5px; text-align: left;\" valign=\"middle\"><span style=\"color: #000000; font-family: Arial; font-size: medium;\"><b>Nom<\/b><\/span><\/td>\n<td style=\"width: 193.5px; text-align: left;\" valign=\"middle\"><span style=\"color: #000000; font-family: Arial; font-size: medium;\"><b>Pr\u00e9nom<\/b><\/span><\/td>\n<\/tr>\n<tr>\n<td style=\"width: 130px; text-align: left;\" valign=\"bottom\"><span style=\"color: #000000; font-family: Arial; font-size: large;\"><b>4<\/b><\/span><\/td>\n<td style=\"width: 219.5px; text-align: left;\" valign=\"middle\"><span style=\"color: #000000; font-family: Arial; font-size: large;\"><b>CHASSIN<\/b><\/span><\/td>\n<td style=\"width: 193.5px; text-align: left;\" valign=\"middle\"><span style=\"color: #000000; font-family: Arial; font-size: large;\"><b>Sarah<\/b><\/span><\/td>\n<\/tr>\n<tr>\n<td style=\"width: 130px; text-align: left;\" valign=\"bottom\"><span style=\"color: #000000; font-family: Arial; font-size: large;\"><b>5<\/b><\/span><\/td>\n<td style=\"width: 219.5px; text-align: left;\" valign=\"bottom\"><span style=\"color: #000000; font-family: Arial; font-size: large;\"><b>BLAISE<\/b><\/span><\/td>\n<td style=\"width: 193.5px; text-align: left;\" valign=\"bottom\"><span style=\"color: #000000; font-family: Arial; font-size: large;\"><b>Audrey<\/b><\/span><\/td>\n<\/tr>\n<tr>\n<td style=\"width: 130px; text-align: left;\" valign=\"bottom\"><span style=\"color: #000000; font-family: Arial; font-size: large;\"><b>6<\/b><\/span><\/td>\n<td style=\"width: 219.5px; text-align: left;\" valign=\"middle\"><span style=\"color: #000000; font-family: Arial; font-size: large;\"><b>VINSONNAUD<\/b><\/span><\/td>\n<td style=\"width: 193.5px; text-align: left;\" valign=\"middle\"><span style=\"color: #000000; font-family: Arial; font-size: large;\"><b>Audrey<\/b><\/span><\/td>\n<\/tr>\n<tr>\n<td style=\"width: 130px; text-align: left;\" valign=\"bottom\"><span style=\"color: #000000; font-family: Arial; font-size: large;\"><b>7<\/b><\/span><\/td>\n<td style=\"width: 219.5px; text-align: left;\" valign=\"middle\"><span style=\"color: #000000; font-family: Arial; font-size: large;\"><b>MELOIS<\/b><\/span><\/td>\n<td style=\"width: 193.5px; text-align: left;\" valign=\"middle\"><span style=\"color: #000000; font-family: Arial; font-size: large;\"><b>Aliz\u00e9e<\/b><\/span><\/td>\n<\/tr>\n<tr>\n<td style=\"width: 130px; text-align: left;\" valign=\"bottom\"><span style=\"color: #000000; font-family: Arial; font-size: large;\"><b>8<\/b><\/span><\/td>\n<td style=\"width: 219.5px; text-align: left;\" valign=\"middle\"><span style=\"color: #000000; font-family: Arial; font-size: large;\"><b>DHALLUIN<\/b><\/span><\/td>\n<td style=\"width: 193.5px; text-align: left;\" valign=\"middle\"><span style=\"color: #000000; font-family: Arial; font-size: large;\"><b>Pauline<\/b><\/span><\/td>\n<\/tr>\n<tr>\n<td style=\"width: 130px; text-align: left;\" valign=\"bottom\"><span style=\"color: #000000; font-family: Arial; font-size: large;\"><b>10<\/b><\/span><\/td>\n<td style=\"width: 219.5px; text-align: left;\" valign=\"middle\"><span style=\"color: #000000; font-family: Arial; font-size: large;\"><b>BRISSET<\/b><\/span><\/td>\n<td style=\"width: 193.5px; text-align: left;\" valign=\"middle\"><span style=\"color: #000000; font-family: Arial; font-size: large;\"><b>Sarah<\/b><\/span><\/td>\n<\/tr>\n<tr>\n<td style=\"width: 130px; text-align: left;\" valign=\"bottom\"><span style=\"color: #000000; font-family: Arial; font-size: large;\"><b>11<\/b><\/span><\/td>\n<td style=\"width: 219.5px; text-align: left;\" valign=\"middle\"><span style=\"color: #000000; font-family: Arial; font-size: large;\"><b>OOGHE<\/b><\/span><\/td>\n<td style=\"width: 193.5px; text-align: left;\" valign=\"middle\"><span style=\"color: #000000; font-family: Arial; font-size: large;\"><b>Ma\u00eflyss <\/b><\/span><\/td>\n<\/tr>\n<tr>\n<td style=\"width: 130px; text-align: left;\" valign=\"bottom\"><span style=\"color: #000000; font-family: Arial; font-size: large;\"><b>12<\/b><\/span><\/td>\n<td style=\"width: 219.5px; text-align: left;\" valign=\"middle\"><span style=\"color: #000000; font-family: Arial; font-size: large;\"><b>TIGNOL<\/b><\/span><\/td>\n<td style=\"width: 193.5px; text-align: left;\" valign=\"middle\"><span style=\"color: #000000; font-family: Arial; font-size: large;\"><b>Mathilde<\/b><\/span><\/td>\n<\/tr>\n<tr>\n<td style=\"width: 130px; text-align: left;\" valign=\"bottom\"><span style=\"color: #000000; font-family: Arial; font-size: large;\"><b>13<\/b><\/span><\/td>\n<td style=\"width: 219.5px; text-align: left;\" valign=\"bottom\"><span style=\"color: #000000; font-family: Arial; font-size: large;\"><b>LEMONIER<\/b><\/span><\/td>\n<td style=\"width: 193.5px; text-align: left;\" valign=\"bottom\"><span style=\"color: #000000; font-family: Arial; font-size: large;\"><b>Ana\u00efs<\/b><\/span><\/td>\n<\/tr>\n<tr>\n<td style=\"width: 130px; text-align: left;\" valign=\"bottom\"><span style=\"color: #000000; font-family: Arial; font-size: large;\"><b>14<\/b><\/span><\/td>\n<td style=\"width: 219.5px; text-align: left;\" valign=\"bottom\"><span style=\"color: #000000; font-family: Arial; font-size: large;\"><b>BOIT<\/b><\/span><\/td>\n<td style=\"width: 193.5px; text-align: left;\" valign=\"bottom\"><span style=\"color: #000000; font-family: Arial; font-size: large;\"><b>Justine<\/b><\/span><\/td>\n<\/tr>\n<tr>\n<td style=\"width: 130px; text-align: left;\" valign=\"bottom\"><span style=\"color: #000000; font-family: Arial; font-size: large;\"><b>15<\/b><\/span><\/td>\n<td style=\"width: 219.5px; text-align: left;\" valign=\"middle\"><span style=\"color: #000000; font-family: Arial; font-size: large;\"><b>TIGNOL<\/b><\/span><\/td>\n<td style=\"width: 193.5px; text-align: left;\" valign=\"middle\"><span style=\"color: #000000; font-family: Arial; font-size: large;\"><b>Aur\u00e9lie<\/b><\/span><\/td>\n<\/tr>\n<tr>\n<td style=\"width: 130px; text-align: left;\" valign=\"bottom\"><\/td>\n<td style=\"width: 219.5px; text-align: left;\" valign=\"middle\"><span style=\"color: #000000; font-family: Arial; font-size: large;\"><b>MOREAU<\/b><\/span><\/td>\n<td style=\"width: 193.5px; text-align: left;\" valign=\"bottom\"><span style=\"color: #000000; font-family: Arial; font-size: large;\"><b>Emmanuelle<\/b><\/span><\/td>\n<\/tr>\n<tr>\n<td style=\"width: 130px; text-align: left;\" valign=\"bottom\"><\/td>\n<td style=\"width: 219.5px; text-align: left;\" valign=\"middle\"><span style=\"color: #000000; font-family: Arial; font-size: large;\"><b>MARGNOUX<\/b><\/span><\/td>\n<td style=\"width: 193.5px; text-align: left;\" valign=\"middle\"><span style=\"color: #000000; font-family: Arial; font-size: large;\"><b>Julie<\/b><\/span><\/td>\n<\/tr>\n<tr>\n<td style=\"width: 547px; text-align: left;\" colspan=\"3\" valign=\"bottom\"><span style=\"color: #000000; font-family: Arial; font-size: large;\"><b>Coach : Eric BOIT<\/b><\/span><\/td>\n<\/tr>\n<tr>\n<td style=\"width: 547px; text-align: left;\" colspan=\"3\" valign=\"bottom\"><span style=\"color: #000000; font-family: Arial; font-size: large;\"><b>Assistant : Laurent BOUTAUT<\/b><\/span><\/td>\n<\/tr>\n<tr>\n<td style=\"width: 547px; text-align: left;\" colspan=\"3\" valign=\"bottom\"><span style=\"color: #000000; font-family: Arial; font-size: large;\"><b>OTM : Marie GALOPIN<\/b><\/span><\/td>\n<\/tr>\n<\/tbody>\n<\/table>\n<p>&nbsp;<\/p>\n<p>&nbsp;<\/p>\n<p>&nbsp;<\/p>\n<p>&nbsp;<\/p>\n<p>&nbsp;<\/p>\n<p>&nbsp;<\/p>\n<p>&nbsp;<\/p>\n<p>&nbsp;<\/p>\n<p>&nbsp;<\/p>\n<p>&nbsp;<\/p>\n<p>&nbsp;<\/p>\n<p>&nbsp;<\/p>\n<p>&nbsp;<\/p>\n<p>&nbsp;<\/p>\n<p><a href=\"https:\/\/limogesabc.com\/wp-content\/uploads\/2018\/02\/PREREG-1718-2.jpg\"><img decoding=\"async\" class=\"aligncenter wp-image-5341 size-large\" src=\"https:\/\/limogesabc.com\/wp-content\/uploads\/2018\/02\/PREREG-1718-2-1024x694.jpg\" alt=\"\" width=\"960\" height=\"651\" srcset=\"https:\/\/limogesabc.com\/wp-content\/uploads\/2018\/02\/PREREG-1718-2-1024x694.jpg 1024w, https:\/\/limogesabc.com\/wp-content\/uploads\/2018\/02\/PREREG-1718-2-300x203.jpg 300w, https:\/\/limogesabc.com\/wp-content\/uploads\/2018\/02\/PREREG-1718-2-768x520.jpg 768w, https:\/\/limogesabc.com\/wp-content\/uploads\/2018\/02\/PREREG-1718-2.jpg 1181w\" sizes=\"(max-width: 960px) 100vw, 960px\" \/><\/a><\/p>\n<p>&nbsp;<\/p>\n<p>&nbsp;<\/p>\n","protected":false},"excerpt":{"rendered":"<p>&nbsp; N\u00b0 Nom Pr\u00e9nom 4 CHASSIN Sarah 5 BLAISE Audrey 6 VINSONNAUD Audrey 7 MELOIS Aliz\u00e9e 8 DHALLUIN Pauline 10 BRISSET Sarah 11 OOGHE Ma\u00eflyss 12 TIGNOL Mathilde 13 LEMONIER Ana\u00efs 14 BOIT Justine 15 TIGNOL Aur\u00e9lie MOREAU Emmanuelle MARGNOUX Julie Coach : Eric BOIT Assistant : Laurent BOUTAUT OTM : Marie GALOPIN &nbsp; &nbsp;&#8230; <\/p>\n<div class=\"clear\"><\/div>\n<p><a href=\"https:\/\/limogesabc.com\/index.php\/pre-regionale\/\" class=\"excerpt-read-more\">Lire plus<\/a><\/p>\n","protected":false},"author":3,"featured_media":0,"parent":0,"menu_order":0,"comment_status":"closed","ping_status":"closed","template":"","meta":{"_mi_skip_tracking":false,"_exactmetrics_sitenote_active":false,"_exactmetrics_sitenote_note":"","_exactmetrics_sitenote_category":0,"_monsterinsights_skip_tracking":false,"_monsterinsights_sitenote_active":false,"_monsterinsights_sitenote_note":"","_monsterinsights_sitenote_category":0,"footnotes":""},"class_list":["post-5123","page","type-page","status-publish","hentry"],"aioseo_notices":[],"_links":{"self":[{"href":"https:\/\/limogesabc.com\/index.php\/wp-json\/wp\/v2\/pages\/5123","targetHints":{"allow":["GET"]}}],"collection":[{"href":"https:\/\/limogesabc.com\/index.php\/wp-json\/wp\/v2\/pages"}],"about":[{"href":"https:\/\/limogesabc.com\/index.php\/wp-json\/wp\/v2\/types\/page"}],"author":[{"embeddable":true,"href":"https:\/\/limogesabc.com\/index.php\/wp-json\/wp\/v2\/users\/3"}],"replies":[{"embeddable":true,"href":"https:\/\/limogesabc.com\/index.php\/wp-json\/wp\/v2\/comments?post=5123"}],"version-history":[{"count":10,"href":"https:\/\/limogesabc.com\/index.php\/wp-json\/wp\/v2\/pages\/5123\/revisions"}],"predecessor-version":[{"id":5739,"href":"https:\/\/limogesabc.com\/index.php\/wp-json\/wp\/v2\/pages\/5123\/revisions\/5739"}],"wp:attachment":[{"href":"https:\/\/limogesabc.com\/index.php\/wp-json\/wp\/v2\/media?parent=5123"}],"curies":[{"name":"wp","href":"https:\/\/api.w.org\/{rel}","templated":true}]}}