{"id":5143,"date":"2018-02-16T13:18:59","date_gmt":"2018-02-16T12:18:59","guid":{"rendered":"http:\/\/limogesabc.com\/?page_id=5143"},"modified":"2019-03-14T21:09:56","modified_gmt":"2019-03-14T20:09:56","slug":"babys","status":"publish","type":"page","link":"https:\/\/limogesabc.com\/index.php\/babys\/","title":{"rendered":"Babys"},"content":{"rendered":"<p style=\"text-align: center;\"><img fetchpriority=\"high\" decoding=\"async\" class=\"alignnone wp-image-9882 size-full\" src=\"https:\/\/limogesabc.com\/wp-content\/uploads\/2019\/03\/U7_2018-2019.jpg\" alt=\"\" width=\"1182\" height=\"921\" srcset=\"https:\/\/limogesabc.com\/wp-content\/uploads\/2019\/03\/U7_2018-2019.jpg 1182w, https:\/\/limogesabc.com\/wp-content\/uploads\/2019\/03\/U7_2018-2019-300x234.jpg 300w, https:\/\/limogesabc.com\/wp-content\/uploads\/2019\/03\/U7_2018-2019-768x598.jpg 768w, https:\/\/limogesabc.com\/wp-content\/uploads\/2019\/03\/U7_2018-2019-1024x798.jpg 1024w\" sizes=\"(max-width: 1182px) 100vw, 1182px\" \/><\/p>\n<table class=\" aligncenter\" style=\"width: 510px; height: 244px;\">\n<tbody>\n<tr>\n<td style=\"width: 502px;\">\n<p style=\"text-align: left;\"><strong>De gauche \u00e0 droite :\u00a0Lola Courtin-Barau, Carlyne Mary, Giuliana Beyrand, Axelle Normand-Romanet, Lucie Granit, Rachel Martinat<\/strong><\/p>\n<p style=\"text-align: left;\"><strong>Entraineurs\/coachs\u00a0 : Coraline Vampouille, Floriane Limousin, Marie-lys Cuisset,\u00a0C\u00e9dric Jean Baptiste, Paulin Chanteloup, Romain Leclaircie, Samuel Vampouille<\/strong><\/p>\n<p style=\"text-align: left;\"><strong>Responsable d&#8217;\u00e9quipe : V\u00e9ronique Mary<\/strong><\/p>\n<\/td>\n<\/tr>\n<\/tbody>\n<\/table>\n<p style=\"text-align: center;\">\n","protected":false},"excerpt":{"rendered":"<p>De gauche \u00e0 droite :\u00a0Lola Courtin-Barau, Carlyne Mary, Giuliana Beyrand, Axelle Normand-Romanet, Lucie Granit, Rachel Martinat Entraineurs\/coachs\u00a0 : Coraline Vampouille, Floriane Limousin, Marie-lys Cuisset,\u00a0C\u00e9dric Jean Baptiste, Paulin Chanteloup, Romain Leclaircie, Samuel Vampouille Responsable d&#8217;\u00e9quipe : V\u00e9ronique Mary<\/p>\n","protected":false},"author":3,"featured_media":0,"parent":0,"menu_order":0,"comment_status":"closed","ping_status":"closed","template":"","meta":{"_mi_skip_tracking":false,"_exactmetrics_sitenote_active":false,"_exactmetrics_sitenote_note":"","_exactmetrics_sitenote_category":0,"_monsterinsights_skip_tracking":false,"_monsterinsights_sitenote_active":false,"_monsterinsights_sitenote_note":"","_monsterinsights_sitenote_category":0,"footnotes":""},"class_list":["post-5143","page","type-page","status-publish","hentry"],"aioseo_notices":[],"_links":{"self":[{"href":"https:\/\/limogesabc.com\/index.php\/wp-json\/wp\/v2\/pages\/5143","targetHints":{"allow":["GET"]}}],"collection":[{"href":"https:\/\/limogesabc.com\/index.php\/wp-json\/wp\/v2\/pages"}],"about":[{"href":"https:\/\/limogesabc.com\/index.php\/wp-json\/wp\/v2\/types\/page"}],"author":[{"embeddable":true,"href":"https:\/\/limogesabc.com\/index.php\/wp-json\/wp\/v2\/users\/3"}],"replies":[{"embeddable":true,"href":"https:\/\/limogesabc.com\/index.php\/wp-json\/wp\/v2\/comments?post=5143"}],"version-history":[{"count":8,"href":"https:\/\/limogesabc.com\/index.php\/wp-json\/wp\/v2\/pages\/5143\/revisions"}],"predecessor-version":[{"id":9884,"href":"https:\/\/limogesabc.com\/index.php\/wp-json\/wp\/v2\/pages\/5143\/revisions\/9884"}],"wp:attachment":[{"href":"https:\/\/limogesabc.com\/index.php\/wp-json\/wp\/v2\/media?parent=5143"}],"curies":[{"name":"wp","href":"https:\/\/api.w.org\/{rel}","templated":true}]}}