{"id":5167,"date":"2018-02-16T13:31:09","date_gmt":"2018-02-16T12:31:09","guid":{"rendered":"http:\/\/limogesabc.com\/?page_id=5167"},"modified":"2026-01-23T17:04:43","modified_gmt":"2026-01-23T16:04:43","slug":"pre-nationale-2","status":"publish","type":"page","link":"https:\/\/limogesabc.com\/index.php\/pre-nationale-2\/","title":{"rendered":"PRE-NATIONALE"},"content":{"rendered":"<p style=\"text-align: center;\"><img fetchpriority=\"high\" decoding=\"async\" class=\"alignnone wp-image-16770 size-full\" src=\"https:\/\/limogesabc.com\/wp-content\/uploads\/2022\/09\/NF3_22-23.jpg\" alt=\"\" width=\"1181\" height=\"886\" srcset=\"https:\/\/limogesabc.com\/wp-content\/uploads\/2022\/09\/NF3_22-23.jpg 1181w, https:\/\/limogesabc.com\/wp-content\/uploads\/2022\/09\/NF3_22-23-300x225.jpg 300w, https:\/\/limogesabc.com\/wp-content\/uploads\/2022\/09\/NF3_22-23-1024x768.jpg 1024w, https:\/\/limogesabc.com\/wp-content\/uploads\/2022\/09\/NF3_22-23-150x113.jpg 150w, https:\/\/limogesabc.com\/wp-content\/uploads\/2022\/09\/NF3_22-23-768x576.jpg 768w, https:\/\/limogesabc.com\/wp-content\/uploads\/2022\/09\/NF3_22-23-400x300.jpg 400w\" sizes=\"(max-width: 1181px) 100vw, 1181px\" \/><\/p>\n<p style=\"text-align: center;\"><b>Debout, de gauche \u00e0 droite <\/b><\/p>\n<p style=\"text-align: center;\"><b>Elisabeth BOURBON (responsable d\u2019\u00e9quipe), Cl\u00e9ment MAGNAVAL <\/b><b>(coach), Enola COURALET (3), Majeneba DRAME (4), Oumi DRAME (9), Ana\u00efs LE BORGNE (6), Rokhaya SAMBOU (13), Angie NKODIA (14), Nabintou GASSAMA (12) Valentin LEYZAT (assistant coach), Manuel TEIXEIRA (responsable d\u2019\u00e9quipe)<\/b><\/p>\n<p style=\"text-align: center;\"><b>Accroupies, de gauche \u00e0 droite<\/b><\/p>\n<p style=\"text-align: center;\"><b>Karamo DRAME (5), Marie-Lys CUISSET (23), Justine TEIXEIRA (7), Ang\u00e8le SEMAVOINE (15), Ludivine OURMIAH (11), Lise LEROY (10)<\/b><\/p>\n<p style=\"text-align: center;\"><b>Absente sur la photo : Sarah CHASSIN<\/b><\/p>\n","protected":false},"excerpt":{"rendered":"<p>Debout, de gauche \u00e0 droite Elisabeth BOURBON (responsable d\u2019\u00e9quipe), Cl\u00e9ment MAGNAVAL (coach), Enola COURALET (3), Majeneba DRAME (4), Oumi DRAME (9), Ana\u00efs LE BORGNE (6), Rokhaya SAMBOU (13), Angie NKODIA (14), Nabintou GASSAMA (12) Valentin LEYZAT (assistant coach), Manuel TEIXEIRA (responsable d\u2019\u00e9quipe) Accroupies, de gauche \u00e0 droite Karamo DRAME (5), Marie-Lys CUISSET (23), Justine TEIXEIRA&#8230; <\/p>\n<div class=\"clear\"><\/div>\n<p><a href=\"https:\/\/limogesabc.com\/index.php\/pre-nationale-2\/\" class=\"excerpt-read-more\">Lire plus<\/a><\/p>\n","protected":false},"author":3,"featured_media":0,"parent":0,"menu_order":0,"comment_status":"closed","ping_status":"closed","template":"","meta":{"_mi_skip_tracking":false,"_exactmetrics_sitenote_active":false,"_exactmetrics_sitenote_note":"","_exactmetrics_sitenote_category":0,"_monsterinsights_skip_tracking":false,"_monsterinsights_sitenote_active":false,"_monsterinsights_sitenote_note":"","_monsterinsights_sitenote_category":0,"footnotes":""},"class_list":["post-5167","page","type-page","status-publish","hentry"],"aioseo_notices":[],"_links":{"self":[{"href":"https:\/\/limogesabc.com\/index.php\/wp-json\/wp\/v2\/pages\/5167","targetHints":{"allow":["GET"]}}],"collection":[{"href":"https:\/\/limogesabc.com\/index.php\/wp-json\/wp\/v2\/pages"}],"about":[{"href":"https:\/\/limogesabc.com\/index.php\/wp-json\/wp\/v2\/types\/page"}],"author":[{"embeddable":true,"href":"https:\/\/limogesabc.com\/index.php\/wp-json\/wp\/v2\/users\/3"}],"replies":[{"embeddable":true,"href":"https:\/\/limogesabc.com\/index.php\/wp-json\/wp\/v2\/comments?post=5167"}],"version-history":[{"count":11,"href":"https:\/\/limogesabc.com\/index.php\/wp-json\/wp\/v2\/pages\/5167\/revisions"}],"predecessor-version":[{"id":22820,"href":"https:\/\/limogesabc.com\/index.php\/wp-json\/wp\/v2\/pages\/5167\/revisions\/22820"}],"wp:attachment":[{"href":"https:\/\/limogesabc.com\/index.php\/wp-json\/wp\/v2\/media?parent=5167"}],"curies":[{"name":"wp","href":"https:\/\/api.w.org\/{rel}","templated":true}]}}