{"id":5169,"date":"2018-02-16T13:31:38","date_gmt":"2018-02-16T12:31:38","guid":{"rendered":"http:\/\/limogesabc.com\/?page_id=5169"},"modified":"2023-04-20T09:48:37","modified_gmt":"2023-04-20T07:48:37","slug":"u18-elite","status":"publish","type":"page","link":"https:\/\/limogesabc.com\/index.php\/u18-elite\/","title":{"rendered":"U18 \u00c9lite"},"content":{"rendered":"<p>&nbsp;<\/p>\n<p style=\"text-align: center;\"><img fetchpriority=\"high\" decoding=\"async\" class=\"alignnone wp-image-17502 size-full\" src=\"https:\/\/limogesabc.com\/wp-content\/uploads\/2022\/11\/U18ELITE_2022-2023.jpg\" alt=\"\" width=\"1181\" height=\"964\" srcset=\"https:\/\/limogesabc.com\/wp-content\/uploads\/2022\/11\/U18ELITE_2022-2023.jpg 1181w, https:\/\/limogesabc.com\/wp-content\/uploads\/2022\/11\/U18ELITE_2022-2023-300x245.jpg 300w, https:\/\/limogesabc.com\/wp-content\/uploads\/2022\/11\/U18ELITE_2022-2023-1024x836.jpg 1024w, https:\/\/limogesabc.com\/wp-content\/uploads\/2022\/11\/U18ELITE_2022-2023-150x122.jpg 150w, https:\/\/limogesabc.com\/wp-content\/uploads\/2022\/11\/U18ELITE_2022-2023-768x627.jpg 768w\" sizes=\"(max-width: 1181px) 100vw, 1181px\" \/><\/p>\n<p style=\"text-align: center;\"><strong>Meneuses : Soraya AKCAN, Marie-Claire MENDY, Calie ADAMSKI<\/strong><\/p>\n<p style=\"text-align: center;\"><strong>Ext\u00e9rieures : Fate SALL, No\u00e9e TCHAKOUTEU, Fantine ADGNOT, Il\u00e9a LAHAYE, Coralie ROUME, Hawa DIAKHATE, Aminata SALL<\/strong><\/p>\n<p style=\"text-align: center;\"><strong>Int\u00e9rieures : Noa KONATE, Floria M\u2019POMPA, Emma SACILE<\/strong><\/p>\n<p style=\"text-align: center;\"><strong>Staff : Corentin LE PAN, Paul BROUSTE, David DUCHER, Djene DIAWARA<\/strong><\/p>\n<p style=\"text-align: center;\"><strong>Responsable d\u2019\u00e9quipe : Najoua AKCAN<\/strong><\/p>\n<p>&nbsp;<\/p>\n<p>&nbsp;<\/p>\n","protected":false},"excerpt":{"rendered":"<p>&nbsp; Meneuses : Soraya AKCAN, Marie-Claire MENDY, Calie ADAMSKI Ext\u00e9rieures : Fate SALL, No\u00e9e TCHAKOUTEU, Fantine ADGNOT, Il\u00e9a LAHAYE, Coralie ROUME, Hawa DIAKHATE, Aminata SALL Int\u00e9rieures : Noa KONATE, Floria M\u2019POMPA, Emma SACILE Staff : Corentin LE PAN, Paul BROUSTE, David DUCHER, Djene DIAWARA Responsable d\u2019\u00e9quipe : Najoua AKCAN &nbsp; &nbsp;<\/p>\n","protected":false},"author":3,"featured_media":0,"parent":0,"menu_order":0,"comment_status":"closed","ping_status":"closed","template":"","meta":{"_mi_skip_tracking":false,"_exactmetrics_sitenote_active":false,"_exactmetrics_sitenote_note":"","_exactmetrics_sitenote_category":0,"_monsterinsights_skip_tracking":false,"_monsterinsights_sitenote_active":false,"_monsterinsights_sitenote_note":"","_monsterinsights_sitenote_category":0,"footnotes":""},"class_list":["post-5169","page","type-page","status-publish","hentry"],"aioseo_notices":[],"_links":{"self":[{"href":"https:\/\/limogesabc.com\/index.php\/wp-json\/wp\/v2\/pages\/5169","targetHints":{"allow":["GET"]}}],"collection":[{"href":"https:\/\/limogesabc.com\/index.php\/wp-json\/wp\/v2\/pages"}],"about":[{"href":"https:\/\/limogesabc.com\/index.php\/wp-json\/wp\/v2\/types\/page"}],"author":[{"embeddable":true,"href":"https:\/\/limogesabc.com\/index.php\/wp-json\/wp\/v2\/users\/3"}],"replies":[{"embeddable":true,"href":"https:\/\/limogesabc.com\/index.php\/wp-json\/wp\/v2\/comments?post=5169"}],"version-history":[{"count":10,"href":"https:\/\/limogesabc.com\/index.php\/wp-json\/wp\/v2\/pages\/5169\/revisions"}],"predecessor-version":[{"id":18717,"href":"https:\/\/limogesabc.com\/index.php\/wp-json\/wp\/v2\/pages\/5169\/revisions\/18717"}],"wp:attachment":[{"href":"https:\/\/limogesabc.com\/index.php\/wp-json\/wp\/v2\/media?parent=5169"}],"curies":[{"name":"wp","href":"https:\/\/api.w.org\/{rel}","templated":true}]}}