{"id":5217,"date":"2018-02-16T22:15:34","date_gmt":"2018-02-16T21:15:34","guid":{"rendered":"http:\/\/limogesabc.com\/?page_id=5217"},"modified":"2025-09-10T10:26:05","modified_gmt":"2025-09-10T08:26:05","slug":"presentation-de-lecole","status":"publish","type":"page","link":"https:\/\/limogesabc.com\/index.php\/presentation-de-lecole\/","title":{"rendered":"Pr\u00e9sentation et Organisation de l&#8217;Ecole"},"content":{"rendered":"\t\t<div data-elementor-type=\"wp-page\" data-elementor-id=\"5217\" class=\"elementor elementor-5217\">\n\t\t\t\t\t\t\t\t\t<section class=\"elementor-section elementor-top-section elementor-element elementor-element-5cc3e1f elementor-section-boxed elementor-section-height-default elementor-section-height-default\" data-id=\"5cc3e1f\" data-element_type=\"section\">\n\t\t\t\t\t\t<div class=\"elementor-container elementor-column-gap-default\">\n\t\t\t\t\t<div class=\"elementor-column elementor-col-100 elementor-top-column elementor-element elementor-element-da566bd\" data-id=\"da566bd\" data-element_type=\"column\">\n\t\t\t<div class=\"elementor-widget-wrap elementor-element-populated\">\n\t\t\t\t\t\t\t\t<div class=\"elementor-element elementor-element-a2100e6 elementor-widget elementor-widget-text-editor\" data-id=\"a2100e6\" data-element_type=\"widget\" data-widget_type=\"text-editor.default\">\n\t\t\t\t<div class=\"elementor-widget-container\">\n\t\t\t<style>\/*! elementor - v3.18.0 - 29-11-2023 *\/\n.elementor-widget-text-editor.elementor-drop-cap-view-stacked .elementor-drop-cap{background-color:#69727d;color:#fff}.elementor-widget-text-editor.elementor-drop-cap-view-framed .elementor-drop-cap{color:#69727d;border:3px solid;background-color:transparent}.elementor-widget-text-editor:not(.elementor-drop-cap-view-default) .elementor-drop-cap{margin-top:8px}.elementor-widget-text-editor:not(.elementor-drop-cap-view-default) .elementor-drop-cap-letter{width:1em;height:1em}.elementor-widget-text-editor .elementor-drop-cap{float:left;text-align:center;line-height:1;font-size:50px}.elementor-widget-text-editor .elementor-drop-cap-letter{display:inline-block}<\/style>\t\t\t\t<h3 style=\"text-align: center;\"><span style=\"color: #003366;\">L\u2019\u00c9COLE DE BASKET DU LIMOGES ABC ACCUEILLE DES FILLES (CLUB FEMININ OBLIGE !!!)<\/span><\/h3><h3 style=\"text-align: center;\"><span style=\"color: #003366;\">D\u00c8S L\u2019AGE DE 4 ANS<\/span><\/h3><h3 style=\"text-align: center;\"><span style=\"color: #003366;\">SALLE MUNICIPALE RUE DES S\u0152URS DE LA RIVIERE<\/span><\/h3>\t\t\t\t\t\t<\/div>\n\t\t\t\t<\/div>\n\t\t\t\t<div class=\"elementor-element elementor-element-7a38977 elementor-widget elementor-widget-spacer\" data-id=\"7a38977\" data-element_type=\"widget\" data-widget_type=\"spacer.default\">\n\t\t\t\t<div class=\"elementor-widget-container\">\n\t\t\t<style>\/*! elementor - v3.18.0 - 29-11-2023 *\/\n.elementor-column .elementor-spacer-inner{height:var(--spacer-size)}.e-con{--container-widget-width:100%}.e-con-inner>.elementor-widget-spacer,.e-con>.elementor-widget-spacer{width:var(--container-widget-width,var(--spacer-size));--align-self:var(--container-widget-align-self,initial);--flex-shrink:0}.e-con-inner>.elementor-widget-spacer>.elementor-widget-container,.e-con>.elementor-widget-spacer>.elementor-widget-container{height:100%;width:100%}.e-con-inner>.elementor-widget-spacer>.elementor-widget-container>.elementor-spacer,.e-con>.elementor-widget-spacer>.elementor-widget-container>.elementor-spacer{height:100%}.e-con-inner>.elementor-widget-spacer>.elementor-widget-container>.elementor-spacer>.elementor-spacer-inner,.e-con>.elementor-widget-spacer>.elementor-widget-container>.elementor-spacer>.elementor-spacer-inner{height:var(--container-widget-height,var(--spacer-size))}.e-con-inner>.elementor-widget-spacer.elementor-widget-empty,.e-con>.elementor-widget-spacer.elementor-widget-empty{position:relative;min-height:22px;min-width:22px}.e-con-inner>.elementor-widget-spacer.elementor-widget-empty .elementor-widget-empty-icon,.e-con>.elementor-widget-spacer.elementor-widget-empty .elementor-widget-empty-icon{position:absolute;top:0;bottom:0;left:0;right:0;margin:auto;padding:0;width:22px;height:22px}<\/style>\t\t<div class=\"elementor-spacer\">\n\t\t\t<div class=\"elementor-spacer-inner\"><\/div>\n\t\t<\/div>\n\t\t\t\t<\/div>\n\t\t\t\t<\/div>\n\t\t\t\t<div class=\"elementor-element elementor-element-147ffc1 elementor-widget elementor-widget-text-editor\" data-id=\"147ffc1\" data-element_type=\"widget\" data-widget_type=\"text-editor.default\">\n\t\t\t\t<div class=\"elementor-widget-container\">\n\t\t\t\t\t\t\t<p><img decoding=\"async\" class=\"size-full wp-image-6141 aligncenter\" src=\"https:\/\/limogesabc.com\/wp-content\/uploads\/2018\/03\/LOGO-LABEL-EFMB2-e1520371260253.png\" alt=\"\" width=\"174\" height=\"250\" \/><\/p>\t\t\t\t\t\t<\/div>\n\t\t\t\t<\/div>\n\t\t\t\t\t<\/div>\n\t\t<\/div>\n\t\t\t\t\t\t\t<\/div>\n\t\t<\/section>\n\t\t<div class=\"elementor-element elementor-element-ffcc171 e-flex e-con-boxed e-con e-parent\" data-id=\"ffcc171\" data-element_type=\"container\" data-settings=\"{&quot;container_type&quot;:&quot;flex&quot;,&quot;content_width&quot;:&quot;boxed&quot;}\" data-core-v316-plus=\"true\">\n\t\t\t\t\t<div class=\"e-con-inner\">\n\t\t\t\t<div class=\"elementor-element elementor-element-e0c4bd4 elementor-widget elementor-widget-spacer\" data-id=\"e0c4bd4\" data-element_type=\"widget\" data-widget_type=\"spacer.default\">\n\t\t\t\t<div class=\"elementor-widget-container\">\n\t\t\t\t\t<div class=\"elementor-spacer\">\n\t\t\t<div class=\"elementor-spacer-inner\"><\/div>\n\t\t<\/div>\n\t\t\t\t<\/div>\n\t\t\t\t<\/div>\n\t\t\t\t<div class=\"elementor-element elementor-element-8eb5358 elementor-widget elementor-widget-text-editor\" data-id=\"8eb5358\" data-element_type=\"widget\" data-widget_type=\"text-editor.default\">\n\t\t\t\t<div class=\"elementor-widget-container\">\n\t\t\t\t\t\t\t<p style=\"text-align: justify;\">L\u2019Ecole<b> de Basket <\/b>du Limoges ABC <i>en Limousin<\/i>, labellis\u00e9e \u00ab&nbsp;<b>Ecole Fran\u00e7aise de Mini-Basket&nbsp;\u00bb <\/b>(label FFBB) depuis 2001, accueille des jeunes filles, r\u00e9parties en groupes de niveaux, dirig\u00e9es par des entraineurs dipl\u00f4m\u00e9s, dont&nbsp;le responsable de la gestion technique et sportive de l\u2019Ecole, Romain Leclaircie (DE JEPS).<\/p>\n<p style=\"text-align: justify;\">Ce travail collectif est optimis\u00e9 par la <b>Commission Mini-Basket (pr\u00e9sident de l\u2019\u00e9cole, responsable administratif<\/b>, <b>responsable accueil<\/b>) ainsi que par l\u2019investissement de parents en tant que \u00ab&nbsp;<strong>R<\/strong><b>esponsable d\u2019\u00e9quipe&nbsp;\u00bb<\/b> pour une meilleure coh\u00e9sion des \u00e9quipes. Ces derniers apportent le support logistique n\u00e9cessaire pour l\u2019accompagnement des jeunes lors des matchs ou des plateaux.<\/p>\n<p style=\"text-align: justify;\">Le but de l\u2019Ecole est aussi de proposer et d\u2019organiser des \u00e9v\u00e8nements, des f\u00eates, des stages de perfectionnement, permettant de faire grandir le sentiment d\u2019appartenance \u00e0 un grand club !!<\/p>\n<p style=\"text-align: justify;\"><b>L\u2019enfant est au centre des pr\u00e9occupations de l\u2019encadrement de l\u2019Ecole.<\/b><\/p>\n<p><span style=\"color: #e40347;\"><strong>LES ENTRAINEMENTS :<\/strong><\/span><\/p>\n<p style=\"text-align: justify;\">Les entra\u00eenements des jeunes pousses se d\u00e9roulent les mercredis \u00e0 la Salle Municipale, rue des S\u0153urs-de-la-Rivi\u00e8re.<\/p>\n<p style=\"text-align: justify;\">\u2013 U7 : de <strong>9h00<\/strong> <strong>\u00e0 10h30<\/strong>, les <strong>samedis<\/strong><strong>.<\/strong><\/p>\n<p style=\"text-align: justify;\">\u2013 U9 : de <strong>13h45 \u00e0 15h00<\/strong>&nbsp;les <strong>mercredis<\/strong><strong>.<\/strong><\/p>\n<p style=\"text-align: justify;\">\u2013 U11 : de <b>18h00 \u00e0 19h30<\/b> les <b>lundis <\/b><u style=\"\">ET<\/u><b>&nbsp;<\/b>de&nbsp;<strong>15h00 \u00e0 16h30<\/strong> les <b>mercredis<\/b><strong>.<\/strong><\/p>\n<p style=\"text-align: left;\">Pour tout renseignement, vous pouvez contacter :<\/p>\n<p style=\"text-align: left;\"><b>Pr\u00e9sident : Samuel VAMPOUILLE&nbsp;<\/b><\/p>\n<p style=\"text-align: left;\"><b>T\u00e9l : 06&nbsp;85 99 08 28&nbsp;\u2013 Courriel : <\/b><a href=\"mailto:samuel.vampouille@hotmail.fr\">samuel.vampouille@hotmail.fr<\/a><\/p>\t\t\t\t\t\t<\/div>\n\t\t\t\t<\/div>\n\t\t\t\t\t<\/div>\n\t\t\t\t<\/div>\n\t\t\t\t\t\t\t<\/div>\n\t\t","protected":false},"excerpt":{"rendered":"<p>L\u2019\u00c9COLE DE BASKET DU LIMOGES ABC ACCUEILLE DES FILLES (CLUB FEMININ OBLIGE !!!) D\u00c8S L\u2019AGE DE 4 ANS SALLE MUNICIPALE RUE DES S\u0152URS DE LA RIVIERE L\u2019Ecole de Basket du Limoges ABC en Limousin, labellis\u00e9e \u00ab&nbsp;Ecole Fran\u00e7aise de Mini-Basket&nbsp;\u00bb (label FFBB) depuis 2001, accueille des jeunes filles, r\u00e9parties en groupes de niveaux, dirig\u00e9es par des&#8230; <\/p>\n<div class=\"clear\"><\/div>\n<p><a href=\"https:\/\/limogesabc.com\/index.php\/presentation-de-lecole\/\" class=\"excerpt-read-more\">Lire plus<\/a><\/p>\n","protected":false},"author":3,"featured_media":0,"parent":0,"menu_order":0,"comment_status":"closed","ping_status":"closed","template":"","meta":{"_mi_skip_tracking":false,"_exactmetrics_sitenote_active":false,"_exactmetrics_sitenote_note":"","_exactmetrics_sitenote_category":0,"_monsterinsights_skip_tracking":false,"_monsterinsights_sitenote_active":false,"_monsterinsights_sitenote_note":"","_monsterinsights_sitenote_category":0,"footnotes":""},"class_list":["post-5217","page","type-page","status-publish","hentry"],"aioseo_notices":[],"_links":{"self":[{"href":"https:\/\/limogesabc.com\/index.php\/wp-json\/wp\/v2\/pages\/5217","targetHints":{"allow":["GET"]}}],"collection":[{"href":"https:\/\/limogesabc.com\/index.php\/wp-json\/wp\/v2\/pages"}],"about":[{"href":"https:\/\/limogesabc.com\/index.php\/wp-json\/wp\/v2\/types\/page"}],"author":[{"embeddable":true,"href":"https:\/\/limogesabc.com\/index.php\/wp-json\/wp\/v2\/users\/3"}],"replies":[{"embeddable":true,"href":"https:\/\/limogesabc.com\/index.php\/wp-json\/wp\/v2\/comments?post=5217"}],"version-history":[{"count":10,"href":"https:\/\/limogesabc.com\/index.php\/wp-json\/wp\/v2\/pages\/5217\/revisions"}],"predecessor-version":[{"id":22370,"href":"https:\/\/limogesabc.com\/index.php\/wp-json\/wp\/v2\/pages\/5217\/revisions\/22370"}],"wp:attachment":[{"href":"https:\/\/limogesabc.com\/index.php\/wp-json\/wp\/v2\/media?parent=5217"}],"curies":[{"name":"wp","href":"https:\/\/api.w.org\/{rel}","templated":true}]}}