{"id":5651,"date":"2018-02-21T23:17:44","date_gmt":"2018-02-21T22:17:44","guid":{"rendered":"http:\/\/limogesabc.com\/?page_id=5651"},"modified":"2026-03-10T09:55:54","modified_gmt":"2026-03-10T08:55:54","slug":"pole-handibasket","status":"publish","type":"page","link":"https:\/\/limogesabc.com\/index.php\/pole-handibasket\/","title":{"rendered":"P\u00f4le Handibasket"},"content":{"rendered":"\t\t<div data-elementor-type=\"wp-page\" data-elementor-id=\"5651\" class=\"elementor elementor-5651\">\n\t\t\t\t\t\t\t<div class=\"elementor-element elementor-element-6315913 e-flex e-con-boxed e-con e-parent\" data-id=\"6315913\" data-element_type=\"container\" data-settings=\"{&quot;container_type&quot;:&quot;flex&quot;,&quot;content_width&quot;:&quot;boxed&quot;}\" data-core-v316-plus=\"true\">\n\t\t\t\t\t<div class=\"e-con-inner\">\n\t\t\t\t<div class=\"elementor-element elementor-element-b00cc15 elementor-widget elementor-widget-text-editor\" data-id=\"b00cc15\" data-element_type=\"widget\" data-widget_type=\"text-editor.default\">\n\t\t\t\t<div class=\"elementor-widget-container\">\n\t\t\t<style>\/*! elementor - v3.18.0 - 29-11-2023 *\/\n.elementor-widget-text-editor.elementor-drop-cap-view-stacked .elementor-drop-cap{background-color:#69727d;color:#fff}.elementor-widget-text-editor.elementor-drop-cap-view-framed .elementor-drop-cap{color:#69727d;border:3px solid;background-color:transparent}.elementor-widget-text-editor:not(.elementor-drop-cap-view-default) .elementor-drop-cap{margin-top:8px}.elementor-widget-text-editor:not(.elementor-drop-cap-view-default) .elementor-drop-cap-letter{width:1em;height:1em}.elementor-widget-text-editor .elementor-drop-cap{float:left;text-align:center;line-height:1;font-size:50px}.elementor-widget-text-editor .elementor-drop-cap-letter{display:inline-block}<\/style>\t\t\t\t<p style=\"font-size: 10px; background-image: none; background-color: #ffffff; caret-color: #808080; color: #808080; font-family: 'Barlow Semi Condensed', sans-serif; text-align: justify;\"><span style=\"font-family: helvetica, arial, sans-serif; font-size: 12pt; color: #003366;\">Le Limoges ABC a cr\u00e9\u00e9 en octobre 2017 un \u201cP\u00f4le HandiBasket\u201d mixte. Cette d\u00e9cision fait suite \u00e0 une histoire commune de coop\u00e9ration avec les basketteurs\/euses handi de Limoges et s\u2019accompagne d\u2019un projet, peut-\u00eatre d\u00e8s la saison prochaine, d\u2019engager une \u00e9quipe en Championnat de France Handi. En tout cas, les portes sont ouvertes pour d\u00e9velopper le Handibasket \u00e0 Limoges et au-del\u00e0 sur le d\u00e9partement de la Haute-Vienne et en r\u00e9gion.<\/span><\/p><p style=\"font-size: 10px; background-image: none; background-color: #ffffff; caret-color: #808080; color: #808080; font-family: 'Barlow Semi Condensed', sans-serif; text-align: justify;\"><span style=\"font-family: helvetica, arial, sans-serif; font-size: 12pt; color: #003366;\">Les entra\u00eenements sont les <strong>mardis de 17h45 \u00e0 19h30 au gymnase L\u00e9on Blum, 21 avenue du Pr\u00e9sident L\u00e9on Blum \u00e0 Limoges<\/strong>. C&#8217;est ouvert \u00e0 tout \u00e2ge, homme\/femme ainsi qu\u2019aux valides.<\/span><\/p><p style=\"font-size: 10px; background-image: none; background-color: #ffffff; caret-color: #808080; color: #808080; font-family: 'Barlow Semi Condensed', sans-serif; text-align: justify;\"><span style=\"font-family: helvetica, arial, sans-serif; font-size: 12pt; color: #003366;\"><strong style=\"background-image: none; background-color: #ffffff;\">Renseignements \/ contacter Lawrence Lapierre au 06 86 14 11 88<\/strong><\/span><\/p>\t\t\t\t\t\t<\/div>\n\t\t\t\t<\/div>\n\t\t\t\t\t<\/div>\n\t\t\t\t<\/div>\n\t\t<div class=\"elementor-element elementor-element-a552b6b e-con-full e-flex e-con e-parent\" data-id=\"a552b6b\" data-element_type=\"container\" data-settings=\"{&quot;content_width&quot;:&quot;full&quot;,&quot;container_type&quot;:&quot;flex&quot;}\" data-core-v316-plus=\"true\">\n\t\t\t\t<div class=\"elementor-element elementor-element-035ef88 elementor-widget elementor-widget-image\" data-id=\"035ef88\" data-element_type=\"widget\" data-widget_type=\"image.default\">\n\t\t\t\t<div class=\"elementor-widget-container\">\n\t\t\t<style>\/*! elementor - v3.18.0 - 29-11-2023 *\/\n.elementor-widget-image{text-align:center}.elementor-widget-image a{display:inline-block}.elementor-widget-image a img[src$=\".svg\"]{width:48px}.elementor-widget-image img{vertical-align:middle;display:inline-block}<\/style>\t\t\t\t\t\t\t\t\t\t\t\t<img fetchpriority=\"high\" decoding=\"async\" width=\"360\" height=\"360\" src=\"https:\/\/limogesabc.com\/wp-content\/uploads\/2026\/03\/Autocollant-Nume_rique-25-26.png\" class=\"attachment-large size-large wp-image-22874\" alt=\"\" srcset=\"https:\/\/limogesabc.com\/wp-content\/uploads\/2026\/03\/Autocollant-Nume_rique-25-26.png 360w, https:\/\/limogesabc.com\/wp-content\/uploads\/2026\/03\/Autocollant-Nume_rique-25-26-300x300.png 300w, https:\/\/limogesabc.com\/wp-content\/uploads\/2026\/03\/Autocollant-Nume_rique-25-26-150x150.png 150w, https:\/\/limogesabc.com\/wp-content\/uploads\/2026\/03\/Autocollant-Nume_rique-25-26-310x310.png 310w, https:\/\/limogesabc.com\/wp-content\/uploads\/2026\/03\/Autocollant-Nume_rique-25-26-128x128.png 128w, https:\/\/limogesabc.com\/wp-content\/uploads\/2026\/03\/Autocollant-Nume_rique-25-26-32x32.png 32w\" sizes=\"(max-width: 360px) 100vw, 360px\" \/>\t\t\t\t\t\t\t\t\t\t\t\t\t\t\t<\/div>\n\t\t\t\t<\/div>\n\t\t\t\t<div class=\"elementor-element elementor-element-3dd0810 elementor-widget elementor-widget-heading\" data-id=\"3dd0810\" data-element_type=\"widget\" data-widget_type=\"heading.default\">\n\t\t\t\t<div class=\"elementor-widget-container\">\n\t\t\t<style>\/*! elementor - v3.18.0 - 29-11-2023 *\/\n.elementor-heading-title{padding:0;margin:0;line-height:1}.elementor-widget-heading .elementor-heading-title[class*=elementor-size-]>a{color:inherit;font-size:inherit;line-height:inherit}.elementor-widget-heading .elementor-heading-title.elementor-size-small{font-size:15px}.elementor-widget-heading .elementor-heading-title.elementor-size-medium{font-size:19px}.elementor-widget-heading .elementor-heading-title.elementor-size-large{font-size:29px}.elementor-widget-heading .elementor-heading-title.elementor-size-xl{font-size:39px}.elementor-widget-heading .elementor-heading-title.elementor-size-xxl{font-size:59px}<\/style><h2 class=\"elementor-heading-title elementor-size-default\">Le club est r\u00e9f\u00e9renc\u00e9 sur le site Handiguide et a obtenu un autocollant num\u00e9rique pour cette qualification.<\/h2>\t\t<\/div>\n\t\t\t\t<\/div>\n\t\t\t\t<div class=\"elementor-element elementor-element-d21c516 elementor-widget elementor-widget-spacer\" data-id=\"d21c516\" data-element_type=\"widget\" data-widget_type=\"spacer.default\">\n\t\t\t\t<div class=\"elementor-widget-container\">\n\t\t\t<style>\/*! elementor - v3.18.0 - 29-11-2023 *\/\n.elementor-column .elementor-spacer-inner{height:var(--spacer-size)}.e-con{--container-widget-width:100%}.e-con-inner>.elementor-widget-spacer,.e-con>.elementor-widget-spacer{width:var(--container-widget-width,var(--spacer-size));--align-self:var(--container-widget-align-self,initial);--flex-shrink:0}.e-con-inner>.elementor-widget-spacer>.elementor-widget-container,.e-con>.elementor-widget-spacer>.elementor-widget-container{height:100%;width:100%}.e-con-inner>.elementor-widget-spacer>.elementor-widget-container>.elementor-spacer,.e-con>.elementor-widget-spacer>.elementor-widget-container>.elementor-spacer{height:100%}.e-con-inner>.elementor-widget-spacer>.elementor-widget-container>.elementor-spacer>.elementor-spacer-inner,.e-con>.elementor-widget-spacer>.elementor-widget-container>.elementor-spacer>.elementor-spacer-inner{height:var(--container-widget-height,var(--spacer-size))}.e-con-inner>.elementor-widget-spacer.elementor-widget-empty,.e-con>.elementor-widget-spacer.elementor-widget-empty{position:relative;min-height:22px;min-width:22px}.e-con-inner>.elementor-widget-spacer.elementor-widget-empty .elementor-widget-empty-icon,.e-con>.elementor-widget-spacer.elementor-widget-empty .elementor-widget-empty-icon{position:absolute;top:0;bottom:0;left:0;right:0;margin:auto;padding:0;width:22px;height:22px}<\/style>\t\t<div class=\"elementor-spacer\">\n\t\t\t<div class=\"elementor-spacer-inner\"><\/div>\n\t\t<\/div>\n\t\t\t\t<\/div>\n\t\t\t\t<\/div>\n\t\t\t\t<\/div>\n\t\t<div class=\"elementor-element elementor-element-838af91 e-flex e-con-boxed e-con e-parent\" data-id=\"838af91\" data-element_type=\"container\" data-settings=\"{&quot;container_type&quot;:&quot;flex&quot;,&quot;content_width&quot;:&quot;boxed&quot;}\" data-core-v316-plus=\"true\">\n\t\t\t\t\t<div class=\"e-con-inner\">\n\t\t\t\t<div class=\"elementor-element elementor-element-ea52409 elementor-widget elementor-widget-image\" data-id=\"ea52409\" data-element_type=\"widget\" data-widget_type=\"image.default\">\n\t\t\t\t<div class=\"elementor-widget-container\">\n\t\t\t\t\t\t\t\t\t\t\t\t\t\t\t<img decoding=\"async\" width=\"1414\" height=\"2000\" src=\"https:\/\/limogesabc.com\/wp-content\/uploads\/2024\/02\/HandiBasket.jpg\" class=\"attachment-2048x2048 size-2048x2048 wp-image-21834\" alt=\"\" srcset=\"https:\/\/limogesabc.com\/wp-content\/uploads\/2024\/02\/HandiBasket.jpg 1414w, https:\/\/limogesabc.com\/wp-content\/uploads\/2024\/02\/HandiBasket-212x300.jpg 212w, https:\/\/limogesabc.com\/wp-content\/uploads\/2024\/02\/HandiBasket-724x1024.jpg 724w, https:\/\/limogesabc.com\/wp-content\/uploads\/2024\/02\/HandiBasket-106x150.jpg 106w, https:\/\/limogesabc.com\/wp-content\/uploads\/2024\/02\/HandiBasket-768x1086.jpg 768w, https:\/\/limogesabc.com\/wp-content\/uploads\/2024\/02\/HandiBasket-1086x1536.jpg 1086w, https:\/\/limogesabc.com\/wp-content\/uploads\/2024\/02\/HandiBasket-310x438.jpg 310w, https:\/\/limogesabc.com\/wp-content\/uploads\/2024\/02\/HandiBasket-90x128.jpg 90w, https:\/\/limogesabc.com\/wp-content\/uploads\/2024\/02\/HandiBasket-23x32.jpg 23w\" sizes=\"(max-width: 1414px) 100vw, 1414px\" \/>\t\t\t\t\t\t\t\t\t\t\t\t\t\t\t<\/div>\n\t\t\t\t<\/div>\n\t\t\t\t\t<\/div>\n\t\t\t\t<\/div>\n\t\t\t\t\t\t\t<\/div>\n\t\t","protected":false},"excerpt":{"rendered":"<p>Le Limoges ABC a cr\u00e9\u00e9 en octobre 2017 un \u201cP\u00f4le HandiBasket\u201d mixte. Cette d\u00e9cision fait suite \u00e0 une histoire commune de coop\u00e9ration avec les basketteurs\/euses handi de Limoges et s\u2019accompagne d\u2019un projet, peut-\u00eatre d\u00e8s la saison prochaine, d\u2019engager une \u00e9quipe en Championnat de France Handi. En tout cas, les portes sont ouvertes pour d\u00e9velopper le&#8230; <\/p>\n<div class=\"clear\"><\/div>\n<p><a href=\"https:\/\/limogesabc.com\/index.php\/pole-handibasket\/\" class=\"excerpt-read-more\">Lire plus<\/a><\/p>\n","protected":false},"author":3,"featured_media":0,"parent":0,"menu_order":0,"comment_status":"closed","ping_status":"closed","template":"","meta":{"_mi_skip_tracking":false,"_exactmetrics_sitenote_active":false,"_exactmetrics_sitenote_note":"","_exactmetrics_sitenote_category":0,"_monsterinsights_skip_tracking":false,"_monsterinsights_sitenote_active":false,"_monsterinsights_sitenote_note":"","_monsterinsights_sitenote_category":0,"footnotes":""},"class_list":["post-5651","page","type-page","status-publish","hentry"],"aioseo_notices":[],"_links":{"self":[{"href":"https:\/\/limogesabc.com\/index.php\/wp-json\/wp\/v2\/pages\/5651","targetHints":{"allow":["GET"]}}],"collection":[{"href":"https:\/\/limogesabc.com\/index.php\/wp-json\/wp\/v2\/pages"}],"about":[{"href":"https:\/\/limogesabc.com\/index.php\/wp-json\/wp\/v2\/types\/page"}],"author":[{"embeddable":true,"href":"https:\/\/limogesabc.com\/index.php\/wp-json\/wp\/v2\/users\/3"}],"replies":[{"embeddable":true,"href":"https:\/\/limogesabc.com\/index.php\/wp-json\/wp\/v2\/comments?post=5651"}],"version-history":[{"count":10,"href":"https:\/\/limogesabc.com\/index.php\/wp-json\/wp\/v2\/pages\/5651\/revisions"}],"predecessor-version":[{"id":22877,"href":"https:\/\/limogesabc.com\/index.php\/wp-json\/wp\/v2\/pages\/5651\/revisions\/22877"}],"wp:attachment":[{"href":"https:\/\/limogesabc.com\/index.php\/wp-json\/wp\/v2\/media?parent=5651"}],"curies":[{"name":"wp","href":"https:\/\/api.w.org\/{rel}","templated":true}]}}