{"id":8887,"date":"2018-11-11T20:40:28","date_gmt":"2018-11-11T19:40:28","guid":{"rendered":"http:\/\/limogesabc.com\/?page_id=8887"},"modified":"2018-11-11T20:47:44","modified_gmt":"2018-11-11T19:47:44","slug":"u18-inter-departement","status":"publish","type":"page","link":"https:\/\/limogesabc.com\/index.php\/u18-inter-departement\/","title":{"rendered":"U18 Inter-D\u00e9partement"},"content":{"rendered":"<p style=\"text-align: center;\"><a href=\"https:\/\/limogesabc.com\/wp-content\/uploads\/2018\/11\/U18ID_2018-2019.jpg\"><img fetchpriority=\"high\" decoding=\"async\" class=\"alignnone wp-image-8892 size-large\" src=\"https:\/\/limogesabc.com\/wp-content\/uploads\/2018\/11\/U18ID_2018-2019-1024x797.jpg\" alt=\"\" width=\"960\" height=\"747\" srcset=\"https:\/\/limogesabc.com\/wp-content\/uploads\/2018\/11\/U18ID_2018-2019-1024x797.jpg 1024w, https:\/\/limogesabc.com\/wp-content\/uploads\/2018\/11\/U18ID_2018-2019-300x233.jpg 300w, https:\/\/limogesabc.com\/wp-content\/uploads\/2018\/11\/U18ID_2018-2019-768x598.jpg 768w, https:\/\/limogesabc.com\/wp-content\/uploads\/2018\/11\/U18ID_2018-2019.jpg 1181w\" sizes=\"(max-width: 960px) 100vw, 960px\" \/><\/a><\/p>\n<table class=\" aligncenter\" style=\"width: 596px; height: 292px;\">\n<tbody>\n<tr>\n<td style=\"width: 588px;\">\n<p style=\"text-align: left;\"><strong>Debout de gauche \u00e0 droite : <\/strong><\/p>\n<p style=\"text-align: left;\">Tom BOYDENS (entra\u00eeneur), M&#8217;mhawa DIABY, Amina IBRAHIM, Sol\u00e8ne JAMMET, Maeliss DE LAGANE, Chlo\u00e9 COUDERT, Clo\u00e9 GRILLE-VIAL, Florence DAYAUD et Beno\u00eet MORIN (Responsables d&#8217;\u00e9quipe)<\/p>\n<p style=\"text-align: left;\"><strong>Accroupie de gauche \u00e0 droite :<\/strong><\/p>\n<p style=\"text-align: left;\">Camille THROMAS, Lou CHAUFFAILLE, Romane MORIN, Maelys MEUNIER, Floriane LIMOUSIN, Emma CHATARD, Cl\u00e9mence RINUCCINI<\/p>\n<\/td>\n<\/tr>\n<\/tbody>\n<\/table>\n<p>&nbsp;<\/p>\n<p>&nbsp;<\/p>\n<p>&nbsp;<\/p>\n<p>&nbsp;<\/p>\n<p>&nbsp;<\/p>\n<p>&nbsp;<\/p>\n<p>&nbsp;<\/p>\n<p>&nbsp;<\/p>\n","protected":false},"excerpt":{"rendered":"<p>Debout de gauche \u00e0 droite : Tom BOYDENS (entra\u00eeneur), M&#8217;mhawa DIABY, Amina IBRAHIM, Sol\u00e8ne JAMMET, Maeliss DE LAGANE, Chlo\u00e9 COUDERT, Clo\u00e9 GRILLE-VIAL, Florence DAYAUD et Beno\u00eet MORIN (Responsables d&#8217;\u00e9quipe) Accroupie de gauche \u00e0 droite : Camille THROMAS, Lou CHAUFFAILLE, Romane MORIN, Maelys MEUNIER, Floriane LIMOUSIN, Emma CHATARD, Cl\u00e9mence RINUCCINI &nbsp; &nbsp; &nbsp; &nbsp; &nbsp; &nbsp;&#8230; <\/p>\n<div class=\"clear\"><\/div>\n<p><a href=\"https:\/\/limogesabc.com\/index.php\/u18-inter-departement\/\" class=\"excerpt-read-more\">Lire plus<\/a><\/p>\n","protected":false},"author":3,"featured_media":0,"parent":0,"menu_order":0,"comment_status":"closed","ping_status":"closed","template":"","meta":{"_mi_skip_tracking":false,"_exactmetrics_sitenote_active":false,"_exactmetrics_sitenote_note":"","_exactmetrics_sitenote_category":0,"_monsterinsights_skip_tracking":false,"_monsterinsights_sitenote_active":false,"_monsterinsights_sitenote_note":"","_monsterinsights_sitenote_category":0,"footnotes":""},"class_list":["post-8887","page","type-page","status-publish","hentry"],"aioseo_notices":[],"_links":{"self":[{"href":"https:\/\/limogesabc.com\/index.php\/wp-json\/wp\/v2\/pages\/8887","targetHints":{"allow":["GET"]}}],"collection":[{"href":"https:\/\/limogesabc.com\/index.php\/wp-json\/wp\/v2\/pages"}],"about":[{"href":"https:\/\/limogesabc.com\/index.php\/wp-json\/wp\/v2\/types\/page"}],"author":[{"embeddable":true,"href":"https:\/\/limogesabc.com\/index.php\/wp-json\/wp\/v2\/users\/3"}],"replies":[{"embeddable":true,"href":"https:\/\/limogesabc.com\/index.php\/wp-json\/wp\/v2\/comments?post=8887"}],"version-history":[{"count":4,"href":"https:\/\/limogesabc.com\/index.php\/wp-json\/wp\/v2\/pages\/8887\/revisions"}],"predecessor-version":[{"id":8895,"href":"https:\/\/limogesabc.com\/index.php\/wp-json\/wp\/v2\/pages\/8887\/revisions\/8895"}],"wp:attachment":[{"href":"https:\/\/limogesabc.com\/index.php\/wp-json\/wp\/v2\/media?parent=8887"}],"curies":[{"name":"wp","href":"https:\/\/api.w.org\/{rel}","templated":true}]}}